{"id":7071,"date":"2024-02-05T10:36:38","date_gmt":"2024-02-05T09:36:38","guid":{"rendered":"https:\/\/adhotelskaoprema.com\/proizvod\/baldahina-hg\/"},"modified":"2024-02-05T10:36:44","modified_gmt":"2024-02-05T09:36:44","slug":"baldahina-hg","status":"publish","type":"product","link":"https:\/\/adhotelskaoprema.com\/en\/proizvod\/baldahina-hg\/","title":{"rendered":"Baldahina Hg"},"content":{"rendered":"<p>Opis:<br \/>\nDizajniran za postavljanje i pobolj\u0161anje vanjskih prostora, pru\u017ea \u010darobnu i opu\u0161taju\u0107u atmosferu.<br \/>\nGlavni okvir izra\u0111en je od aluminijskog poliestera premazanog prahom, police, krovne letvice i staza su od aluminijske boje tikovine. Sadr\u017ei bra\u010dni krevet s neovisnim naslonima za le\u017eanje, uklonjivu navlaku za jastuk, brzo su\u0161e\u0107u pjenu.<br \/>\nKrov je pokriven plasti\u010dnim PVC sjenilom. Product made in EU.<\/p>\n<p>Dimenzije: 205 x 210 x 250 cm.<\/p>\n<p>Rok isporuke i cijena na upit, obratite nam se preko maila: info@adhotelskaoprema.com rado \u0107emo Vam odgovoriti na Va\u0161a pitanja u najbr\u017eem mogu\u0107em roku.<\/p>\n","protected":false},"excerpt":{"rendered":"<p>||<\/p>\n","protected":false},"featured_media":5682,"template":"","meta":{"_acf_changed":false},"product_brand":[],"product_cat":[55],"product_tag":[],"class_list":{"0":"post-7071","1":"product","2":"type-product","3":"status-publish","4":"has-post-thumbnail","6":"product_cat-baldahine-za-plazu","8":"first","9":"onbackorder","10":"taxable","11":"shipping-taxable","12":"product-type-simple"},"acf":[],"_links":{"self":[{"href":"https:\/\/adhotelskaoprema.com\/en\/wp-json\/wp\/v2\/product\/7071","targetHints":{"allow":["GET"]}}],"collection":[{"href":"https:\/\/adhotelskaoprema.com\/en\/wp-json\/wp\/v2\/product"}],"about":[{"href":"https:\/\/adhotelskaoprema.com\/en\/wp-json\/wp\/v2\/types\/product"}],"wp:featuredmedia":[{"embeddable":true,"href":"https:\/\/adhotelskaoprema.com\/en\/wp-json\/wp\/v2\/media\/5682"}],"wp:attachment":[{"href":"https:\/\/adhotelskaoprema.com\/en\/wp-json\/wp\/v2\/media?parent=7071"}],"wp:term":[{"taxonomy":"product_brand","embeddable":true,"href":"https:\/\/adhotelskaoprema.com\/en\/wp-json\/wp\/v2\/product_brand?post=7071"},{"taxonomy":"product_cat","embeddable":true,"href":"https:\/\/adhotelskaoprema.com\/en\/wp-json\/wp\/v2\/product_cat?post=7071"},{"taxonomy":"product_tag","embeddable":true,"href":"https:\/\/adhotelskaoprema.com\/en\/wp-json\/wp\/v2\/product_tag?post=7071"}],"curies":[{"name":"wp","href":"https:\/\/api.w.org\/{rel}","templated":true}]}}