{"id":7069,"date":"2024-02-05T10:36:38","date_gmt":"2024-02-05T09:36:38","guid":{"rendered":"https:\/\/adhotelskaoprema.com\/proizvod\/baldahina-cc\/"},"modified":"2024-02-05T10:36:43","modified_gmt":"2024-02-05T09:36:43","slug":"baldahina-cc","status":"publish","type":"product","link":"https:\/\/adhotelskaoprema.com\/en\/proizvod\/baldahina-cc\/","title":{"rendered":"Baldahina Cc"},"content":{"rendered":"<p>Opis:<br \/>\nOva baldahina postat \u0107e glavni dio va\u0161eg vanjskog prostora, to je komad koji odaje eleganciju i sofisticiranost. Izra\u0111en od grana tikovine, koje nagla\u0161avaju njegovu karakteristi\u010dnu prirodnost. Zavjese i jastuci uklju\u010deni u cijenu proizvoda. Product made in EU.<\/p>\n<p>Dimenzije: duljina 198 x visina 208 x dubina 147 cm. <\/p>\n<p>Odr\u017eavanje: Redovito \u010distite mekom krpom natopljenom vodom i neutralnim sapunom. Povremena primjena specifi\u010dnih ulja za tikovinu, koja ne sadr\u017ee alkohol ili kemikalije (kao \u0161to je tikovina \u010cista\u010d ili za\u0161tita od tikovine).<br \/>\nNe koristite o\u0161tra ili abrazivna sredstva za \u010di\u0161\u0107enje.<br \/>\nTikovina je drvo izvrsnih svojstava za proizvodnja namje\u0161taja za unutarnje i vanjsku upotrebu, zbog velike otpornosti,<br \/>\nnepropusnosti i tvrdo\u0107e.<\/p>\n<p>Rok isporuke i cijena na upit, obratite nam se preko maila: info@adhotelskaoprema.com rado \u0107emo Vam odgovoriti na Va\u0161a pitanja u najbr\u017eem mogu\u0107em roku.<\/p>\n","protected":false},"excerpt":{"rendered":"<p>|||<\/p>\n","protected":false},"featured_media":5666,"template":"","meta":{"_acf_changed":false},"product_brand":[],"product_cat":[55],"product_tag":[],"class_list":{"0":"post-7069","1":"product","2":"type-product","3":"status-publish","4":"has-post-thumbnail","6":"product_cat-baldahine-za-plazu","8":"first","9":"onbackorder","10":"taxable","11":"shipping-taxable","12":"product-type-simple"},"acf":[],"_links":{"self":[{"href":"https:\/\/adhotelskaoprema.com\/en\/wp-json\/wp\/v2\/product\/7069","targetHints":{"allow":["GET"]}}],"collection":[{"href":"https:\/\/adhotelskaoprema.com\/en\/wp-json\/wp\/v2\/product"}],"about":[{"href":"https:\/\/adhotelskaoprema.com\/en\/wp-json\/wp\/v2\/types\/product"}],"wp:featuredmedia":[{"embeddable":true,"href":"https:\/\/adhotelskaoprema.com\/en\/wp-json\/wp\/v2\/media\/5666"}],"wp:attachment":[{"href":"https:\/\/adhotelskaoprema.com\/en\/wp-json\/wp\/v2\/media?parent=7069"}],"wp:term":[{"taxonomy":"product_brand","embeddable":true,"href":"https:\/\/adhotelskaoprema.com\/en\/wp-json\/wp\/v2\/product_brand?post=7069"},{"taxonomy":"product_cat","embeddable":true,"href":"https:\/\/adhotelskaoprema.com\/en\/wp-json\/wp\/v2\/product_cat?post=7069"},{"taxonomy":"product_tag","embeddable":true,"href":"https:\/\/adhotelskaoprema.com\/en\/wp-json\/wp\/v2\/product_tag?post=7069"}],"curies":[{"name":"wp","href":"https:\/\/api.w.org\/{rel}","templated":true}]}}