{"id":7068,"date":"2024-02-05T10:36:38","date_gmt":"2024-02-05T09:36:38","guid":{"rendered":"https:\/\/adhotelskaoprema.com\/proizvod\/baldahina-g\/"},"modified":"2024-02-05T10:36:43","modified_gmt":"2024-02-05T09:36:43","slug":"baldahina-g","status":"publish","type":"product","link":"https:\/\/adhotelskaoprema.com\/en\/proizvod\/baldahina-g\/","title":{"rendered":"Baldahina G"},"content":{"rendered":"<p>Opis:<br \/>\nElegancija, prirodnost i udobnost \u010dine ovu baldahinu sredi\u0161njim dijelom Va\u0161e terase. U\u017eivajte u dugim satima u ovom komadu izra\u0111enom od prirodnih grana tikovine. Zavjese i jastuci uklju\u010deni u cijenu proizvoda. Product made in EU.<\/p>\n<p>Dimenzije: duljina 200 x visina 208 x dubina 202 cm. Te\u017eina 149 kg.<\/p>\n<p>Odr\u017eavanje: Redovito \u010distite mekom krpom natopljenom vodom i neutralnim sapunom. Povremena primjena specifi\u010dnih ulja za tikovinu, koja ne sadr\u017ee alkohol ili kemikalije (kao \u0161to je tikovina \u010cista\u010d ili za\u0161tita od tikovine).<br \/>\nNe koristite o\u0161tra ili abrazivna sredstva za \u010di\u0161\u0107enje.<br \/>\nTikovina je drvo izvrsnih svojstava za proizvodnja namje\u0161taja za unutarnje i vanjsku upotrebu, zbog velike otpornosti,<br \/>\nnepropusnosti i tvrdo\u0107e.<\/p>\n<p>Rok isporuke i cijena na upit, obratite nam se preko maila: info@adhotelskaoprema.com rado \u0107emo Vam odgovoriti na Va\u0161a pitanja u najbr\u017eem mogu\u0107em roku.<\/p>\n","protected":false},"excerpt":{"rendered":"<p>|<\/p>\n","protected":false},"featured_media":5661,"template":"","meta":{"_acf_changed":false},"product_brand":[],"product_cat":[55],"product_tag":[],"class_list":{"0":"post-7068","1":"product","2":"type-product","3":"status-publish","4":"has-post-thumbnail","6":"product_cat-baldahine-za-plazu","8":"first","9":"onbackorder","10":"taxable","11":"shipping-taxable","12":"product-type-simple"},"acf":[],"_links":{"self":[{"href":"https:\/\/adhotelskaoprema.com\/en\/wp-json\/wp\/v2\/product\/7068","targetHints":{"allow":["GET"]}}],"collection":[{"href":"https:\/\/adhotelskaoprema.com\/en\/wp-json\/wp\/v2\/product"}],"about":[{"href":"https:\/\/adhotelskaoprema.com\/en\/wp-json\/wp\/v2\/types\/product"}],"wp:featuredmedia":[{"embeddable":true,"href":"https:\/\/adhotelskaoprema.com\/en\/wp-json\/wp\/v2\/media\/5661"}],"wp:attachment":[{"href":"https:\/\/adhotelskaoprema.com\/en\/wp-json\/wp\/v2\/media?parent=7068"}],"wp:term":[{"taxonomy":"product_brand","embeddable":true,"href":"https:\/\/adhotelskaoprema.com\/en\/wp-json\/wp\/v2\/product_brand?post=7068"},{"taxonomy":"product_cat","embeddable":true,"href":"https:\/\/adhotelskaoprema.com\/en\/wp-json\/wp\/v2\/product_cat?post=7068"},{"taxonomy":"product_tag","embeddable":true,"href":"https:\/\/adhotelskaoprema.com\/en\/wp-json\/wp\/v2\/product_tag?post=7068"}],"curies":[{"name":"wp","href":"https:\/\/api.w.org\/{rel}","templated":true}]}}