{"id":7067,"date":"2024-02-05T10:36:38","date_gmt":"2024-02-05T09:36:38","guid":{"rendered":"https:\/\/adhotelskaoprema.com\/proizvod\/baldahina-c\/"},"modified":"2024-02-05T10:36:42","modified_gmt":"2024-02-05T09:36:42","slug":"baldahina-c","status":"publish","type":"product","link":"https:\/\/adhotelskaoprema.com\/en\/proizvod\/baldahina-c\/","title":{"rendered":"Baldahina C"},"content":{"rendered":"<p>Opis:<br \/>\nS dolaskom lijepog vremena, ono \u0161to najvi\u0161e \u017eelimo je u\u017eivati \u200b\u200bna otvorenom, a \u0161to bolje nego uz impresivan komad poput ovog. U potpunosti izra\u0111en od prirodne strukture tikovine, materijala koji se isti\u010de svojom otporno\u0161\u0107u i ljepotom. Osim toga, pripremljena je da izdr\u017ei razli\u010dite klimatske uvjete i za\u0161titi od UVA zraka. Product made in EU.<\/p>\n<p>Dimenzije: duljina 200 x visina 200 x dubina 200 cm.<\/p>\n<p>Odr\u017eavanje: Redovito \u010distite mekom krpom natopljenom vodom i neutralnim sapunom. Povremena primjena specifi\u010dnih ulja za tikovinu, koja ne sadr\u017ee alkohol ili kemikalije (kao \u0161to je tikovina \u010cista\u010d ili za\u0161tita od tikovine).<br \/>\nNe koristite o\u0161tra ili abrazivna sredstva za \u010di\u0161\u0107enje.<br \/>\nTikovina je drvo izvrsnih svojstava za proizvodnja namje\u0161taja za unutarnje i vanjsku upotrebu, zbog velike otpornosti,<br \/>\nnepropusnosti i tvrdo\u0107e.<\/p>\n<p>Rok isporuke i cijena na upit, obratite nam se preko maila: info@adhotelskaoprema.com rado \u0107emo Vam odgovoriti na Va\u0161a pitanja u najbr\u017eem mogu\u0107em roku.<\/p>\n","protected":false},"excerpt":{"rendered":"<p>||<\/p>\n","protected":false},"featured_media":5654,"template":"","meta":{"_acf_changed":false},"product_brand":[],"product_cat":[55],"product_tag":[],"class_list":{"0":"post-7067","1":"product","2":"type-product","3":"status-publish","4":"has-post-thumbnail","6":"product_cat-baldahine-za-plazu","8":"first","9":"onbackorder","10":"taxable","11":"shipping-taxable","12":"product-type-simple"},"acf":[],"_links":{"self":[{"href":"https:\/\/adhotelskaoprema.com\/en\/wp-json\/wp\/v2\/product\/7067","targetHints":{"allow":["GET"]}}],"collection":[{"href":"https:\/\/adhotelskaoprema.com\/en\/wp-json\/wp\/v2\/product"}],"about":[{"href":"https:\/\/adhotelskaoprema.com\/en\/wp-json\/wp\/v2\/types\/product"}],"wp:featuredmedia":[{"embeddable":true,"href":"https:\/\/adhotelskaoprema.com\/en\/wp-json\/wp\/v2\/media\/5654"}],"wp:attachment":[{"href":"https:\/\/adhotelskaoprema.com\/en\/wp-json\/wp\/v2\/media?parent=7067"}],"wp:term":[{"taxonomy":"product_brand","embeddable":true,"href":"https:\/\/adhotelskaoprema.com\/en\/wp-json\/wp\/v2\/product_brand?post=7067"},{"taxonomy":"product_cat","embeddable":true,"href":"https:\/\/adhotelskaoprema.com\/en\/wp-json\/wp\/v2\/product_cat?post=7067"},{"taxonomy":"product_tag","embeddable":true,"href":"https:\/\/adhotelskaoprema.com\/en\/wp-json\/wp\/v2\/product_tag?post=7067"}],"curies":[{"name":"wp","href":"https:\/\/api.w.org\/{rel}","templated":true}]}}