{"id":70591,"date":"2025-01-22T14:08:11","date_gmt":"2025-01-22T13:08:11","guid":{"rendered":"https:\/\/adhotelskaoprema.com\/?post_type=product&#038;p=70591"},"modified":"2025-01-24T09:40:35","modified_gmt":"2025-01-24T08:40:35","slug":"fotelja-antracit-435-at","status":"publish","type":"product","link":"https:\/\/adhotelskaoprema.com\/en\/proizvod\/fotelja-antracit-435-at\/","title":{"rendered":"Fotelja antracit (435\/AT)"},"content":{"rendered":"<p class=\"p3 descProd\"><span>Fotelja je proizvedena\u00a0 jednim brizganjem polipropilena oja\u010danog staklenim vlaknima <\/span><span>dobivenog najnovijom generacijom tehnologije zra\u010dnog lijevanja neutralnih tonova.<\/span><br \/>\n<span>Mogu\u0107nost slaganja.<\/span><\/p>\n<p class=\"p5\">\n<p>Visina stolice:81 cm<\/p>\n<p>\u0160irina sjedala:54 cm<\/p>\n<p>Du\u017eina sjedala:60 cm<\/p>\n<p>Visina od sjedala:45 cm<\/p>\n<p>Promjer:45 cm<\/p>\n<p>&nbsp;<\/p>\n<p>Rok isporuke po narud\u017ebi 14 dana.<\/p>\n","protected":false},"excerpt":{"rendered":"<p>Fotelja je proizvedena\u00a0 jednim brizganjem polipropilena oja\u010danog staklenim vlaknima dobivenog najnovijom generacijom tehnologije zra\u010dnog lijevanja neutralnih tonova. Mogu\u0107nost slaganja. Visina stolice:81 cm \u0160irina sjedala:54 cm Du\u017eina sjedala:60 cm Visina od sjedala:45 cm Promjer:45 cm &nbsp; Rok isporuke po narud\u017ebi 14 dana.<\/p>\n","protected":false},"featured_media":70596,"template":"","meta":{"_acf_changed":false},"product_brand":[],"product_cat":[280],"product_tag":[],"class_list":{"0":"post-70591","1":"product","2":"type-product","3":"status-publish","4":"has-post-thumbnail","6":"product_cat-vanjske-stolice","8":"first","9":"onbackorder","10":"sale","11":"taxable","12":"shipping-taxable","13":"purchasable","14":"product-type-simple"},"acf":[],"_links":{"self":[{"href":"https:\/\/adhotelskaoprema.com\/en\/wp-json\/wp\/v2\/product\/70591","targetHints":{"allow":["GET"]}}],"collection":[{"href":"https:\/\/adhotelskaoprema.com\/en\/wp-json\/wp\/v2\/product"}],"about":[{"href":"https:\/\/adhotelskaoprema.com\/en\/wp-json\/wp\/v2\/types\/product"}],"wp:featuredmedia":[{"embeddable":true,"href":"https:\/\/adhotelskaoprema.com\/en\/wp-json\/wp\/v2\/media\/70596"}],"wp:attachment":[{"href":"https:\/\/adhotelskaoprema.com\/en\/wp-json\/wp\/v2\/media?parent=70591"}],"wp:term":[{"taxonomy":"product_brand","embeddable":true,"href":"https:\/\/adhotelskaoprema.com\/en\/wp-json\/wp\/v2\/product_brand?post=70591"},{"taxonomy":"product_cat","embeddable":true,"href":"https:\/\/adhotelskaoprema.com\/en\/wp-json\/wp\/v2\/product_cat?post=70591"},{"taxonomy":"product_tag","embeddable":true,"href":"https:\/\/adhotelskaoprema.com\/en\/wp-json\/wp\/v2\/product_tag?post=70591"}],"curies":[{"name":"wp","href":"https:\/\/api.w.org\/{rel}","templated":true}]}}