{"id":70575,"date":"2025-01-22T13:19:18","date_gmt":"2025-01-22T12:19:18","guid":{"rendered":"https:\/\/adhotelskaoprema.com\/?post_type=product&#038;p=70575"},"modified":"2025-01-24T09:40:36","modified_gmt":"2025-01-24T08:40:36","slug":"stolica-bijela-436-bco","status":"publish","type":"product","link":"https:\/\/adhotelskaoprema.com\/en\/proizvod\/stolica-bijela-436-bco\/","title":{"rendered":"Stolica bijela  (436\/BCO)"},"content":{"rendered":"<p class=\"p3 descProd\">Stolica proizvedena zra\u010dnim brizganjem polipropilena, obojena masom i oja\u010dana staklenim vlaknima.<\/p>\n<p>&nbsp;<\/p>\n<p>Visina stolice:82 cm<\/p>\n<p>\u0160irina sjedala:45 cm<\/p>\n<p>Du\u017eina sjedala:53 cm<\/p>\n<p>Visina od sjedala:45 cm<\/p>\n<p>Promjer:39,5 cm<\/p>\n<p>&nbsp;<\/p>\n<p>Rok isporuke po narud\u017ebi 14 dana.<\/p>\n","protected":false},"excerpt":{"rendered":"<p>Stolica proizvedena zra\u010dnim brizganjem polipropilena, obojena masom i oja\u010dana staklenim vlaknima. &nbsp; Visina stolice:82 cm \u0160irina sjedala:45 cm Du\u017eina sjedala:53 cm Visina od sjedala:45 cm Promjer:39,5 cm &nbsp; Rok isporuke po narud\u017ebi 14 dana.<\/p>\n","protected":false},"featured_media":70589,"template":"","meta":{"_acf_changed":false},"product_brand":[],"product_cat":[280],"product_tag":[],"class_list":{"0":"post-70575","1":"product","2":"type-product","3":"status-publish","4":"has-post-thumbnail","6":"product_cat-vanjske-stolice","8":"first","9":"onbackorder","10":"sale","11":"taxable","12":"shipping-taxable","13":"purchasable","14":"product-type-simple"},"acf":[],"_links":{"self":[{"href":"https:\/\/adhotelskaoprema.com\/en\/wp-json\/wp\/v2\/product\/70575","targetHints":{"allow":["GET"]}}],"collection":[{"href":"https:\/\/adhotelskaoprema.com\/en\/wp-json\/wp\/v2\/product"}],"about":[{"href":"https:\/\/adhotelskaoprema.com\/en\/wp-json\/wp\/v2\/types\/product"}],"wp:featuredmedia":[{"embeddable":true,"href":"https:\/\/adhotelskaoprema.com\/en\/wp-json\/wp\/v2\/media\/70589"}],"wp:attachment":[{"href":"https:\/\/adhotelskaoprema.com\/en\/wp-json\/wp\/v2\/media?parent=70575"}],"wp:term":[{"taxonomy":"product_brand","embeddable":true,"href":"https:\/\/adhotelskaoprema.com\/en\/wp-json\/wp\/v2\/product_brand?post=70575"},{"taxonomy":"product_cat","embeddable":true,"href":"https:\/\/adhotelskaoprema.com\/en\/wp-json\/wp\/v2\/product_cat?post=70575"},{"taxonomy":"product_tag","embeddable":true,"href":"https:\/\/adhotelskaoprema.com\/en\/wp-json\/wp\/v2\/product_tag?post=70575"}],"curies":[{"name":"wp","href":"https:\/\/api.w.org\/{rel}","templated":true}]}}