{"id":70545,"date":"2025-01-21T18:11:44","date_gmt":"2025-01-21T17:11:44","guid":{"rendered":"https:\/\/adhotelskaoprema.com\/?post_type=product&#038;p=70545"},"modified":"2025-01-22T11:42:19","modified_gmt":"2025-01-22T10:42:19","slug":"siena-dl-fotelja-smede-crna-771-14","status":"publish","type":"product","link":"https:\/\/adhotelskaoprema.com\/en\/proizvod\/siena-dl-fotelja-smede-crna-771-14\/","title":{"rendered":"Siena DL fotelja sme\u0111e-crna (771\/14)"},"content":{"rendered":"<p class=\"p3 descProd\">Aluminijski okvir od poliestera premazan prahom \u00d8 28 mm.<br \/>\nDebljina mm 1,5.<br \/>\nPresvlaka od PVC tkanine.<br \/>\nMogu\u0107nost slaganja.<\/p>\n<p>Visina stolice:82 cm<\/p>\n<p>\u0160irina sjedala:57 cm<\/p>\n<p>Du\u017eina sjedala:58 cm<\/p>\n<p>Visina od sjedala:45 cm<\/p>\n<p>Promjer:41 cm<\/p>\n<p>&nbsp;<\/p>\n<p>Rok isporuke po narud\u017ebi 14 dana.<\/p>\n","protected":false},"excerpt":{"rendered":"<p>Aluminijski okvir od poliestera premazan prahom \u00d8 28 mm. Debljina mm 1,5. Presvlaka od PVC tkanine. Mogu\u0107nost slaganja. Visina stolice:82 cm \u0160irina sjedala:57 cm Du\u017eina sjedala:58 cm Visina od sjedala:45 cm Promjer:41 cm &nbsp; Rok isporuke po narud\u017ebi 14 dana.<\/p>\n","protected":false},"featured_media":70553,"template":"","meta":{"_acf_changed":false},"product_brand":[],"product_cat":[323],"product_tag":[],"class_list":{"0":"post-70545","1":"product","2":"type-product","3":"status-publish","4":"has-post-thumbnail","6":"product_cat-pletene-stolice","8":"first","9":"onbackorder","10":"sale","11":"taxable","12":"shipping-taxable","13":"purchasable","14":"product-type-simple"},"acf":[],"_links":{"self":[{"href":"https:\/\/adhotelskaoprema.com\/en\/wp-json\/wp\/v2\/product\/70545","targetHints":{"allow":["GET"]}}],"collection":[{"href":"https:\/\/adhotelskaoprema.com\/en\/wp-json\/wp\/v2\/product"}],"about":[{"href":"https:\/\/adhotelskaoprema.com\/en\/wp-json\/wp\/v2\/types\/product"}],"wp:featuredmedia":[{"embeddable":true,"href":"https:\/\/adhotelskaoprema.com\/en\/wp-json\/wp\/v2\/media\/70553"}],"wp:attachment":[{"href":"https:\/\/adhotelskaoprema.com\/en\/wp-json\/wp\/v2\/media?parent=70545"}],"wp:term":[{"taxonomy":"product_brand","embeddable":true,"href":"https:\/\/adhotelskaoprema.com\/en\/wp-json\/wp\/v2\/product_brand?post=70545"},{"taxonomy":"product_cat","embeddable":true,"href":"https:\/\/adhotelskaoprema.com\/en\/wp-json\/wp\/v2\/product_cat?post=70545"},{"taxonomy":"product_tag","embeddable":true,"href":"https:\/\/adhotelskaoprema.com\/en\/wp-json\/wp\/v2\/product_tag?post=70545"}],"curies":[{"name":"wp","href":"https:\/\/api.w.org\/{rel}","templated":true}]}}