{"id":70516,"date":"2025-01-21T17:54:30","date_gmt":"2025-01-21T16:54:30","guid":{"rendered":"https:\/\/adhotelskaoprema.com\/?post_type=product&#038;p=70516"},"modified":"2025-01-21T18:12:49","modified_gmt":"2025-01-21T17:12:49","slug":"fotelja-siva-745-gr","status":"publish","type":"product","link":"https:\/\/adhotelskaoprema.com\/en\/proizvod\/fotelja-siva-745-gr\/","title":{"rendered":"Fotelja siva (745\/GR)"},"content":{"rendered":"<p class=\"p3 descProd\">Fotelje s okvirom od aluminijskog poliestera oblo\u017eenog prahom.<br \/>\nSjedala i nasloni izra\u0111eni su od Tech-no drveta, inovativnog plasti\u010dnog materijala.<\/p>\n<p class=\"p3 descProd\">Osim sli\u010dnog izgleda drvu, nudi mnoge prednosti za svakodnevnu upotrebu: \u010dvrsto\u0107u, lako \u010di\u0161\u0107enje i odr\u017eavanje, otpornost na starenje i dugotrajnost.<br \/>\nMogu\u0107nost slaganja.<\/p>\n<p class=\"p5\">\n<p>&nbsp;<\/p>\n<p>Visina stolice:84 cm<\/p>\n<p>\u0160irina sjedala:55,5 cm<\/p>\n<p>Du\u017eina sjedala:60 cm<\/p>\n<p>Visina od sjedala:45 cm<\/p>\n<p>Promjer:49 cm<\/p>\n<p>&nbsp;<\/p>\n<p>Rok isporuke po narud\u017ebi 14 dana<\/p>\n","protected":false},"excerpt":{"rendered":"<p>Fotelje s okvirom od aluminijskog poliestera oblo\u017eenog prahom. Sjedala i nasloni izra\u0111eni su od Tech-no drveta, inovativnog plasti\u010dnog materijala. Osim sli\u010dnog izgleda drvu, nudi mnoge prednosti za svakodnevnu upotrebu: \u010dvrsto\u0107u, lako \u010di\u0161\u0107enje i odr\u017eavanje, otpornost na starenje i dugotrajnost. Mogu\u0107nost slaganja. &nbsp; Visina stolice:84 cm \u0160irina sjedala:55,5 cm Du\u017eina sjedala:60 cm Visina od sjedala:45 cm [&hellip;]<\/p>\n","protected":false},"featured_media":70529,"template":"","meta":{"_acf_changed":false},"product_brand":[],"product_cat":[280],"product_tag":[],"class_list":{"0":"post-70516","1":"product","2":"type-product","3":"status-publish","4":"has-post-thumbnail","6":"product_cat-vanjske-stolice","8":"first","9":"onbackorder","10":"sale","11":"taxable","12":"shipping-taxable","13":"purchasable","14":"product-type-simple"},"acf":[],"_links":{"self":[{"href":"https:\/\/adhotelskaoprema.com\/en\/wp-json\/wp\/v2\/product\/70516","targetHints":{"allow":["GET"]}}],"collection":[{"href":"https:\/\/adhotelskaoprema.com\/en\/wp-json\/wp\/v2\/product"}],"about":[{"href":"https:\/\/adhotelskaoprema.com\/en\/wp-json\/wp\/v2\/types\/product"}],"wp:featuredmedia":[{"embeddable":true,"href":"https:\/\/adhotelskaoprema.com\/en\/wp-json\/wp\/v2\/media\/70529"}],"wp:attachment":[{"href":"https:\/\/adhotelskaoprema.com\/en\/wp-json\/wp\/v2\/media?parent=70516"}],"wp:term":[{"taxonomy":"product_brand","embeddable":true,"href":"https:\/\/adhotelskaoprema.com\/en\/wp-json\/wp\/v2\/product_brand?post=70516"},{"taxonomy":"product_cat","embeddable":true,"href":"https:\/\/adhotelskaoprema.com\/en\/wp-json\/wp\/v2\/product_cat?post=70516"},{"taxonomy":"product_tag","embeddable":true,"href":"https:\/\/adhotelskaoprema.com\/en\/wp-json\/wp\/v2\/product_tag?post=70516"}],"curies":[{"name":"wp","href":"https:\/\/api.w.org\/{rel}","templated":true}]}}