{"id":70486,"date":"2025-01-21T14:28:45","date_gmt":"2025-01-21T13:28:45","guid":{"rendered":"https:\/\/adhotelskaoprema.com\/?post_type=product&#038;p=70486"},"modified":"2025-01-21T17:24:24","modified_gmt":"2025-01-21T16:24:24","slug":"stolica-crna-760-bl","status":"publish","type":"product","link":"https:\/\/adhotelskaoprema.com\/en\/proizvod\/stolica-crna-760-bl\/","title":{"rendered":"Stolica crna 760\/BL"},"content":{"rendered":"<p class=\"p3 descProd\"><span>Aluminijski okvir, pleten poli etilenskim vlaknima.<\/span><br \/>\n<span>Mogu\u0107nost slaganja.<\/span><\/p>\n<p class=\"p5\">\n<p>Visina stolice:86 cm<\/p>\n<p>\u0160irina sjedala:45 cm<\/p>\n<p>Du\u017eina sjedala:56 cm<\/p>\n<p>Visina od sjedala:45,5 cm<\/p>\n<p>Promjer:45 cm<\/p>\n<p>&nbsp;<\/p>\n<p>Rok isporuke po narud\u017ebi 14 dana.<\/p>\n","protected":false},"excerpt":{"rendered":"<p>Aluminijski okvir, pleten poli etilenskim vlaknima. Mogu\u0107nost slaganja. Visina stolice:86 cm \u0160irina sjedala:45 cm Du\u017eina sjedala:56 cm Visina od sjedala:45,5 cm Promjer:45 cm &nbsp; Rok isporuke po narud\u017ebi 14 dana.<\/p>\n","protected":false},"featured_media":70493,"template":"","meta":{"_acf_changed":false},"product_brand":[],"product_cat":[323],"product_tag":[],"class_list":{"0":"post-70486","1":"product","2":"type-product","3":"status-publish","4":"has-post-thumbnail","6":"product_cat-pletene-stolice","8":"first","9":"onbackorder","10":"sale","11":"taxable","12":"shipping-taxable","13":"purchasable","14":"product-type-simple"},"acf":[],"_links":{"self":[{"href":"https:\/\/adhotelskaoprema.com\/en\/wp-json\/wp\/v2\/product\/70486","targetHints":{"allow":["GET"]}}],"collection":[{"href":"https:\/\/adhotelskaoprema.com\/en\/wp-json\/wp\/v2\/product"}],"about":[{"href":"https:\/\/adhotelskaoprema.com\/en\/wp-json\/wp\/v2\/types\/product"}],"wp:featuredmedia":[{"embeddable":true,"href":"https:\/\/adhotelskaoprema.com\/en\/wp-json\/wp\/v2\/media\/70493"}],"wp:attachment":[{"href":"https:\/\/adhotelskaoprema.com\/en\/wp-json\/wp\/v2\/media?parent=70486"}],"wp:term":[{"taxonomy":"product_brand","embeddable":true,"href":"https:\/\/adhotelskaoprema.com\/en\/wp-json\/wp\/v2\/product_brand?post=70486"},{"taxonomy":"product_cat","embeddable":true,"href":"https:\/\/adhotelskaoprema.com\/en\/wp-json\/wp\/v2\/product_cat?post=70486"},{"taxonomy":"product_tag","embeddable":true,"href":"https:\/\/adhotelskaoprema.com\/en\/wp-json\/wp\/v2\/product_tag?post=70486"}],"curies":[{"name":"wp","href":"https:\/\/api.w.org\/{rel}","templated":true}]}}