{"id":70452,"date":"2025-01-21T12:47:44","date_gmt":"2025-01-21T11:47:44","guid":{"rendered":"https:\/\/adhotelskaoprema.com\/?post_type=product&#038;p=70452"},"modified":"2025-01-21T14:07:55","modified_gmt":"2025-01-21T13:07:55","slug":"stolica-antracit-794-at","status":"publish","type":"product","link":"https:\/\/adhotelskaoprema.com\/en\/proizvod\/stolica-antracit-794-at\/","title":{"rendered":"Stolica antracit (794\/AT)"},"content":{"rendered":"<p class=\"p3 descProd\"><span>Aluminijski okvir premazan poliesterskim prahom.<\/span><br \/>\n<span>Sjedalo u PVC plasti\u010dnoj tkanini.<\/span><br \/>\n<span>Le\u0111a prekrivena sinteti\u010dkim u\u017eetom.<\/span><br \/>\n<span>Mogu\u0107nost slaganja.<\/span><\/p>\n<p class=\"p5\">\n<p>Visina stolice:77 cm<\/p>\n<p>\u0160irina sjedala:53,5 cm<\/p>\n<p>Du\u017eina sjedala:54 cm<\/p>\n<p>Visina od sjedala:44,5 cm<\/p>\n<p>Promjer:44 cm<\/p>\n<p>&nbsp;<\/p>\n<p class=\"p5\">Rok isporuke po narud\u017ebi 14 dana.<\/p>\n","protected":false},"excerpt":{"rendered":"<p>Aluminijski okvir premazan poliesterskim prahom. Sjedalo u PVC plasti\u010dnoj tkanini. Le\u0111a prekrivena sinteti\u010dkim u\u017eetom. Mogu\u0107nost slaganja. Visina stolice:77 cm \u0160irina sjedala:53,5 cm Du\u017eina sjedala:54 cm Visina od sjedala:44,5 cm Promjer:44 cm &nbsp; Rok isporuke po narud\u017ebi 14 dana.<\/p>\n","protected":false},"featured_media":70456,"template":"","meta":{"_acf_changed":false},"product_brand":[],"product_cat":[323],"product_tag":[],"class_list":{"0":"post-70452","1":"product","2":"type-product","3":"status-publish","4":"has-post-thumbnail","6":"product_cat-pletene-stolice","8":"first","9":"onbackorder","10":"sale","11":"taxable","12":"shipping-taxable","13":"purchasable","14":"product-type-simple"},"acf":[],"_links":{"self":[{"href":"https:\/\/adhotelskaoprema.com\/en\/wp-json\/wp\/v2\/product\/70452","targetHints":{"allow":["GET"]}}],"collection":[{"href":"https:\/\/adhotelskaoprema.com\/en\/wp-json\/wp\/v2\/product"}],"about":[{"href":"https:\/\/adhotelskaoprema.com\/en\/wp-json\/wp\/v2\/types\/product"}],"wp:featuredmedia":[{"embeddable":true,"href":"https:\/\/adhotelskaoprema.com\/en\/wp-json\/wp\/v2\/media\/70456"}],"wp:attachment":[{"href":"https:\/\/adhotelskaoprema.com\/en\/wp-json\/wp\/v2\/media?parent=70452"}],"wp:term":[{"taxonomy":"product_brand","embeddable":true,"href":"https:\/\/adhotelskaoprema.com\/en\/wp-json\/wp\/v2\/product_brand?post=70452"},{"taxonomy":"product_cat","embeddable":true,"href":"https:\/\/adhotelskaoprema.com\/en\/wp-json\/wp\/v2\/product_cat?post=70452"},{"taxonomy":"product_tag","embeddable":true,"href":"https:\/\/adhotelskaoprema.com\/en\/wp-json\/wp\/v2\/product_tag?post=70452"}],"curies":[{"name":"wp","href":"https:\/\/api.w.org\/{rel}","templated":true}]}}