{"id":70437,"date":"2025-01-21T11:29:53","date_gmt":"2025-01-21T10:29:53","guid":{"rendered":"https:\/\/adhotelskaoprema.com\/?post_type=product&#038;p=70437"},"modified":"2025-01-21T14:07:56","modified_gmt":"2025-01-21T13:07:56","slug":"fotelja-antracit-731-at","status":"publish","type":"product","link":"https:\/\/adhotelskaoprema.com\/en\/proizvod\/fotelja-antracit-731-at\/","title":{"rendered":"Fotelja antracit (731\/AT)"},"content":{"rendered":"<p class=\"p3 descProd\"><span>Fotelja s aluminijskim okvirom presvu\u010denim poliesterskim prahom.<\/span><br \/>\n<span>Le\u0111a su oblo\u017eena ru\u010dno tkanim sinteti\u010dkim u\u017eetom, a sjedalo je izra\u0111eno od PVC tkanine.<\/span><br \/>\n<span>Mogu\u0107nost slaganja.<\/span><\/p>\n<p class=\"p5\">\n<p>Visina stolice:80 cm<\/p>\n<p>\u0160irina sjedala:56 cm<\/p>\n<p>Du\u017eina sjedala:58 cm<\/p>\n<p>Visina od sjedala:45 cm<\/p>\n<p>Promjer:51 cm<\/p>\n<p>&nbsp;<\/p>\n<p class=\"p5\">Rok isporuke po narud\u017ebi 14 dana.<\/p>\n","protected":false},"excerpt":{"rendered":"<p>Fotelja s aluminijskim okvirom presvu\u010denim poliesterskim prahom. Le\u0111a su oblo\u017eena ru\u010dno tkanim sinteti\u010dkim u\u017eetom, a sjedalo je izra\u0111eno od PVC tkanine. Mogu\u0107nost slaganja. Visina stolice:80 cm \u0160irina sjedala:56 cm Du\u017eina sjedala:58 cm Visina od sjedala:45 cm Promjer:51 cm &nbsp; Rok isporuke po narud\u017ebi 14 dana.<\/p>\n","protected":false},"featured_media":70441,"template":"","meta":{"_acf_changed":false},"product_brand":[],"product_cat":[323],"product_tag":[],"class_list":{"0":"post-70437","1":"product","2":"type-product","3":"status-publish","4":"has-post-thumbnail","6":"product_cat-pletene-stolice","8":"first","9":"onbackorder","10":"sale","11":"taxable","12":"shipping-taxable","13":"purchasable","14":"product-type-simple"},"acf":[],"_links":{"self":[{"href":"https:\/\/adhotelskaoprema.com\/en\/wp-json\/wp\/v2\/product\/70437","targetHints":{"allow":["GET"]}}],"collection":[{"href":"https:\/\/adhotelskaoprema.com\/en\/wp-json\/wp\/v2\/product"}],"about":[{"href":"https:\/\/adhotelskaoprema.com\/en\/wp-json\/wp\/v2\/types\/product"}],"wp:featuredmedia":[{"embeddable":true,"href":"https:\/\/adhotelskaoprema.com\/en\/wp-json\/wp\/v2\/media\/70441"}],"wp:attachment":[{"href":"https:\/\/adhotelskaoprema.com\/en\/wp-json\/wp\/v2\/media?parent=70437"}],"wp:term":[{"taxonomy":"product_brand","embeddable":true,"href":"https:\/\/adhotelskaoprema.com\/en\/wp-json\/wp\/v2\/product_brand?post=70437"},{"taxonomy":"product_cat","embeddable":true,"href":"https:\/\/adhotelskaoprema.com\/en\/wp-json\/wp\/v2\/product_cat?post=70437"},{"taxonomy":"product_tag","embeddable":true,"href":"https:\/\/adhotelskaoprema.com\/en\/wp-json\/wp\/v2\/product_tag?post=70437"}],"curies":[{"name":"wp","href":"https:\/\/api.w.org\/{rel}","templated":true}]}}