{"id":70390,"date":"2025-01-20T14:40:38","date_gmt":"2025-01-20T13:40:38","guid":{"rendered":"https:\/\/adhotelskaoprema.com\/?post_type=product&#038;p=70390"},"modified":"2025-01-20T15:49:17","modified_gmt":"2025-01-20T14:49:17","slug":"fotelja-antracit-728-at","status":"publish","type":"product","link":"https:\/\/adhotelskaoprema.com\/en\/proizvod\/fotelja-antracit-728-at\/","title":{"rendered":"Fotelja antracit (728\/AT)"},"content":{"rendered":"<p class=\"p3 descProd\"><span>Aluminijski okvir premazan poliesterskim prahom.<\/span><br \/>\n<span>Pokrivanje sinteti\u010dkim u\u017eetom.<\/span><br \/>\n<span>Jastuk od pvc tkanine s pjenastom podstavom koja se brzo su\u0161i i mo\u017ee se ukloniti.<\/span><br \/>\n<span>Mogu\u0107nost slaganja.<\/span><\/p>\n<p class=\"p5\">\n<p>Visina stolice:80 cm<\/p>\n<p>\u0160irina sjedala:59 cm<\/p>\n<p>Du\u017eina sjedala:59,5 cm<\/p>\n<p>Visina od sjedala:47,5 cm<\/p>\n<p>Promjer:47 cm<\/p>\n<p>&nbsp;<\/p>\n<p class=\"p5\">Rok isporuke po narud\u017ebi 14 dana.<\/p>\n","protected":false},"excerpt":{"rendered":"<p>Aluminijski okvir premazan poliesterskim prahom. Pokrivanje sinteti\u010dkim u\u017eetom. Jastuk od pvc tkanine s pjenastom podstavom koja se brzo su\u0161i i mo\u017ee se ukloniti. Mogu\u0107nost slaganja. Visina stolice:80 cm \u0160irina sjedala:59 cm Du\u017eina sjedala:59,5 cm Visina od sjedala:47,5 cm Promjer:47 cm &nbsp; Rok isporuke po narud\u017ebi 14 dana.<\/p>\n","protected":false},"featured_media":70391,"template":"","meta":{"_acf_changed":false},"product_brand":[],"product_cat":[323],"product_tag":[],"class_list":{"0":"post-70390","1":"product","2":"type-product","3":"status-publish","4":"has-post-thumbnail","6":"product_cat-pletene-stolice","8":"first","9":"onbackorder","10":"sale","11":"taxable","12":"shipping-taxable","13":"purchasable","14":"product-type-simple"},"acf":[],"_links":{"self":[{"href":"https:\/\/adhotelskaoprema.com\/en\/wp-json\/wp\/v2\/product\/70390","targetHints":{"allow":["GET"]}}],"collection":[{"href":"https:\/\/adhotelskaoprema.com\/en\/wp-json\/wp\/v2\/product"}],"about":[{"href":"https:\/\/adhotelskaoprema.com\/en\/wp-json\/wp\/v2\/types\/product"}],"wp:featuredmedia":[{"embeddable":true,"href":"https:\/\/adhotelskaoprema.com\/en\/wp-json\/wp\/v2\/media\/70391"}],"wp:attachment":[{"href":"https:\/\/adhotelskaoprema.com\/en\/wp-json\/wp\/v2\/media?parent=70390"}],"wp:term":[{"taxonomy":"product_brand","embeddable":true,"href":"https:\/\/adhotelskaoprema.com\/en\/wp-json\/wp\/v2\/product_brand?post=70390"},{"taxonomy":"product_cat","embeddable":true,"href":"https:\/\/adhotelskaoprema.com\/en\/wp-json\/wp\/v2\/product_cat?post=70390"},{"taxonomy":"product_tag","embeddable":true,"href":"https:\/\/adhotelskaoprema.com\/en\/wp-json\/wp\/v2\/product_tag?post=70390"}],"curies":[{"name":"wp","href":"https:\/\/api.w.org\/{rel}","templated":true}]}}