{"id":70385,"date":"2025-01-20T14:33:31","date_gmt":"2025-01-20T13:33:31","guid":{"rendered":"https:\/\/adhotelskaoprema.com\/?post_type=product&#038;p=70385"},"modified":"2025-01-20T15:49:17","modified_gmt":"2025-01-20T14:49:17","slug":"stolica-antracit-727-at","status":"publish","type":"product","link":"https:\/\/adhotelskaoprema.com\/en\/proizvod\/stolica-antracit-727-at\/","title":{"rendered":"Stolica antracit (727\/AT)"},"content":{"rendered":"<p class=\"p3 descProd\"><span>Aluminijski okvir premazan poliesterskim prahom.<\/span><br \/>\n<span>Pokrivanje sinteti\u010dkim u\u017eetom.<\/span><br \/>\n<span>Jastuk od pvc tkanine s pjenastom podstavom koja se brzo su\u0161i i mo\u017ee se ukloniti.<\/span><br \/>\n<span>Mogu\u0107nost slaganja.<\/span><\/p>\n<p class=\"p5\">\n<p>Visina stolice:82 cm<\/p>\n<p>\u0160irina sjedala:45,5 cm<\/p>\n<p>Du\u017eina sjedala:57 cm<\/p>\n<p>Visina od sjedala:47 cm<\/p>\n<p>Promjer:44 cm<\/p>\n<p>&nbsp;<\/p>\n<p class=\"p5\">Rok isporuke po narud\u017ebi 14 dana.<\/p>\n","protected":false},"excerpt":{"rendered":"<p>Aluminijski okvir premazan poliesterskim prahom. Pokrivanje sinteti\u010dkim u\u017eetom. Jastuk od pvc tkanine s pjenastom podstavom koja se brzo su\u0161i i mo\u017ee se ukloniti. Mogu\u0107nost slaganja. Visina stolice:82 cm \u0160irina sjedala:45,5 cm Du\u017eina sjedala:57 cm Visina od sjedala:47 cm Promjer:44 cm &nbsp; Rok isporuke po narud\u017ebi 14 dana.<\/p>\n","protected":false},"featured_media":70386,"template":"","meta":{"_acf_changed":false},"product_brand":[],"product_cat":[323],"product_tag":[],"class_list":{"0":"post-70385","1":"product","2":"type-product","3":"status-publish","4":"has-post-thumbnail","6":"product_cat-pletene-stolice","8":"first","9":"onbackorder","10":"sale","11":"taxable","12":"shipping-taxable","13":"purchasable","14":"product-type-simple"},"acf":[],"_links":{"self":[{"href":"https:\/\/adhotelskaoprema.com\/en\/wp-json\/wp\/v2\/product\/70385","targetHints":{"allow":["GET"]}}],"collection":[{"href":"https:\/\/adhotelskaoprema.com\/en\/wp-json\/wp\/v2\/product"}],"about":[{"href":"https:\/\/adhotelskaoprema.com\/en\/wp-json\/wp\/v2\/types\/product"}],"wp:featuredmedia":[{"embeddable":true,"href":"https:\/\/adhotelskaoprema.com\/en\/wp-json\/wp\/v2\/media\/70386"}],"wp:attachment":[{"href":"https:\/\/adhotelskaoprema.com\/en\/wp-json\/wp\/v2\/media?parent=70385"}],"wp:term":[{"taxonomy":"product_brand","embeddable":true,"href":"https:\/\/adhotelskaoprema.com\/en\/wp-json\/wp\/v2\/product_brand?post=70385"},{"taxonomy":"product_cat","embeddable":true,"href":"https:\/\/adhotelskaoprema.com\/en\/wp-json\/wp\/v2\/product_cat?post=70385"},{"taxonomy":"product_tag","embeddable":true,"href":"https:\/\/adhotelskaoprema.com\/en\/wp-json\/wp\/v2\/product_tag?post=70385"}],"curies":[{"name":"wp","href":"https:\/\/api.w.org\/{rel}","templated":true}]}}