{"id":70362,"date":"2025-01-20T13:58:03","date_gmt":"2025-01-20T12:58:03","guid":{"rendered":"https:\/\/adhotelskaoprema.com\/?post_type=product&#038;p=70362"},"modified":"2025-01-25T20:34:23","modified_gmt":"2025-01-25T19:34:23","slug":"fotelja-antracit-taupe-718-at04","status":"publish","type":"product","link":"https:\/\/adhotelskaoprema.com\/en\/proizvod\/fotelja-antracit-taupe-718-at04\/","title":{"rendered":"Fotelja antracit\/taupe (718\/AT04)"},"content":{"rendered":"<p class=\"p3 descProd\">Fotelja s aluminijskim okvirom presvu\u010denim poliesterskim prahom.<br \/>\nLe\u0111a su prekrivena ru\u010dno tkanom podstavljenom sinteti\u010dkom tkaninom u obliku cijevi.<br \/>\nJastuk ima uklonjivu PVC tkaninu i podstavu koja se brzo su\u0161i.<br \/>\nMogu\u0107nost slaganja.<\/p>\n<p>Visina stolice:77 cm<\/p>\n<p>\u0160irina sjedala:60 cm<\/p>\n<p>Du\u017eina sjedala:60 cm<\/p>\n<p>Visina od sjedala:47 cm<\/p>\n<p>Promjer:48 cm<\/p>\n<p>&nbsp;<\/p>\n<p class=\"p5\">Rok isporuke po narud\u017ebi 14 dana.<\/p>\n","protected":false},"excerpt":{"rendered":"<p>Fotelja s aluminijskim okvirom presvu\u010denim poliesterskim prahom. Le\u0111a su prekrivena ru\u010dno tkanom podstavljenom sinteti\u010dkom tkaninom u obliku cijevi. Jastuk ima uklonjivu PVC tkaninu i podstavu koja se brzo su\u0161i. Mogu\u0107nost slaganja. Visina stolice:77 cm \u0160irina sjedala:60 cm Du\u017eina sjedala:60 cm Visina od sjedala:47 cm Promjer:48 cm &nbsp; Rok isporuke po narud\u017ebi 14 dana.<\/p>\n","protected":false},"featured_media":70368,"template":"","meta":{"_acf_changed":false},"product_brand":[],"product_cat":[323],"product_tag":[],"class_list":{"0":"post-70362","1":"product","2":"type-product","3":"status-publish","4":"has-post-thumbnail","6":"product_cat-pletene-stolice","8":"first","9":"onbackorder","10":"sale","11":"taxable","12":"shipping-taxable","13":"purchasable","14":"product-type-simple"},"acf":[],"_links":{"self":[{"href":"https:\/\/adhotelskaoprema.com\/en\/wp-json\/wp\/v2\/product\/70362","targetHints":{"allow":["GET"]}}],"collection":[{"href":"https:\/\/adhotelskaoprema.com\/en\/wp-json\/wp\/v2\/product"}],"about":[{"href":"https:\/\/adhotelskaoprema.com\/en\/wp-json\/wp\/v2\/types\/product"}],"wp:featuredmedia":[{"embeddable":true,"href":"https:\/\/adhotelskaoprema.com\/en\/wp-json\/wp\/v2\/media\/70368"}],"wp:attachment":[{"href":"https:\/\/adhotelskaoprema.com\/en\/wp-json\/wp\/v2\/media?parent=70362"}],"wp:term":[{"taxonomy":"product_brand","embeddable":true,"href":"https:\/\/adhotelskaoprema.com\/en\/wp-json\/wp\/v2\/product_brand?post=70362"},{"taxonomy":"product_cat","embeddable":true,"href":"https:\/\/adhotelskaoprema.com\/en\/wp-json\/wp\/v2\/product_cat?post=70362"},{"taxonomy":"product_tag","embeddable":true,"href":"https:\/\/adhotelskaoprema.com\/en\/wp-json\/wp\/v2\/product_tag?post=70362"}],"curies":[{"name":"wp","href":"https:\/\/api.w.org\/{rel}","templated":true}]}}