{"id":70339,"date":"2025-01-20T13:30:40","date_gmt":"2025-01-20T12:30:40","guid":{"rendered":"https:\/\/adhotelskaoprema.com\/?post_type=product&#038;p=70339"},"modified":"2025-01-25T20:38:06","modified_gmt":"2025-01-25T19:38:06","slug":"fotelja-zelena-715-ver13","status":"publish","type":"product","link":"https:\/\/adhotelskaoprema.com\/en\/proizvod\/fotelja-zelena-715-ver13\/","title":{"rendered":"Fotelja zelena (715\/VER13)"},"content":{"rendered":"<p class=\"p3 descProd\">Blagovaonska fotelja s poliesterskim aluminijskim okvirom oblo\u017eenim prahom, presvu\u010dena<\/p>\n<p class=\"p3 descProd\">ru\u010dno tkanim sinteti\u010dkim konopom. Jastuk za sjedenje je PVC tkanina, s podstavom za drena\u017eu, navlaka koja se mo\u017ee skinuti.<\/p>\n<p>&nbsp;<\/p>\n<p>Visina stolice:79 cm<\/p>\n<p>\u0160irina sjedala:62 cm<\/p>\n<p>Du\u017eina sjedala:58 cm<\/p>\n<p>Visina od sjedala:48 cm<\/p>\n<p>Promjer:49 cm<\/p>\n<p>&nbsp;<\/p>\n<p class=\"p5\">Rok isporuke po narud\u017ebi 14 dana.<\/p>\n","protected":false},"excerpt":{"rendered":"<p>Blagovaonska fotelja s poliesterskim aluminijskim okvirom oblo\u017eenim prahom, presvu\u010dena ru\u010dno tkanim sinteti\u010dkim konopom. Jastuk za sjedenje je PVC tkanina, s podstavom za drena\u017eu, navlaka koja se mo\u017ee skinuti. &nbsp; Visina stolice:79 cm \u0160irina sjedala:62 cm Du\u017eina sjedala:58 cm Visina od sjedala:48 cm Promjer:49 cm &nbsp; Rok isporuke po narud\u017ebi 14 dana.<\/p>\n","protected":false},"featured_media":70348,"template":"","meta":{"_acf_changed":false},"product_brand":[],"product_cat":[323],"product_tag":[],"class_list":{"0":"post-70339","1":"product","2":"type-product","3":"status-publish","4":"has-post-thumbnail","6":"product_cat-pletene-stolice","8":"first","9":"onbackorder","10":"sale","11":"taxable","12":"shipping-taxable","13":"purchasable","14":"product-type-simple"},"acf":[],"_links":{"self":[{"href":"https:\/\/adhotelskaoprema.com\/en\/wp-json\/wp\/v2\/product\/70339","targetHints":{"allow":["GET"]}}],"collection":[{"href":"https:\/\/adhotelskaoprema.com\/en\/wp-json\/wp\/v2\/product"}],"about":[{"href":"https:\/\/adhotelskaoprema.com\/en\/wp-json\/wp\/v2\/types\/product"}],"wp:featuredmedia":[{"embeddable":true,"href":"https:\/\/adhotelskaoprema.com\/en\/wp-json\/wp\/v2\/media\/70348"}],"wp:attachment":[{"href":"https:\/\/adhotelskaoprema.com\/en\/wp-json\/wp\/v2\/media?parent=70339"}],"wp:term":[{"taxonomy":"product_brand","embeddable":true,"href":"https:\/\/adhotelskaoprema.com\/en\/wp-json\/wp\/v2\/product_brand?post=70339"},{"taxonomy":"product_cat","embeddable":true,"href":"https:\/\/adhotelskaoprema.com\/en\/wp-json\/wp\/v2\/product_cat?post=70339"},{"taxonomy":"product_tag","embeddable":true,"href":"https:\/\/adhotelskaoprema.com\/en\/wp-json\/wp\/v2\/product_tag?post=70339"}],"curies":[{"name":"wp","href":"https:\/\/api.w.org\/{rel}","templated":true}]}}