{"id":70287,"date":"2025-01-20T11:46:42","date_gmt":"2025-01-20T10:46:42","guid":{"rendered":"https:\/\/adhotelskaoprema.com\/?post_type=product&#038;p=70287"},"modified":"2025-01-20T14:09:59","modified_gmt":"2025-01-20T13:09:59","slug":"fotelja-bijela-711-bco","status":"publish","type":"product","link":"https:\/\/adhotelskaoprema.com\/en\/proizvod\/fotelja-bijela-711-bco\/","title":{"rendered":"Fotelja bijela (711\/BCO)"},"content":{"rendered":"<p class=\"p3 descProd\"><span>Fotelja s poliesterskim aluminijskim okvirom oblo\u017eenim <\/span><\/p>\n<p class=\"p3 descProd\"><span>prahom, sjedi\u0161tem i naslonom presvu\u010dena je ru\u010dno tkanim sinteti\u010dkim konopom.<\/span><\/p>\n<p class=\"p5\">\n<p>Visina stolice:81 cm<\/p>\n<p>\u0160irina sjedala:58,5 cm<\/p>\n<p>Du\u017eina sjedala:63 cm<\/p>\n<p>Visina od sjedala:46,5 cm<\/p>\n<p>Promjer:42 cm<\/p>\n<p>&nbsp;<\/p>\n<p class=\"p5\">Rok isporuke po narud\u017ebi 14 dana.<\/p>\n","protected":false},"excerpt":{"rendered":"<p>Fotelja s poliesterskim aluminijskim okvirom oblo\u017eenim prahom, sjedi\u0161tem i naslonom presvu\u010dena je ru\u010dno tkanim sinteti\u010dkim konopom. Visina stolice:81 cm \u0160irina sjedala:58,5 cm Du\u017eina sjedala:63 cm Visina od sjedala:46,5 cm Promjer:42 cm &nbsp; Rok isporuke po narud\u017ebi 14 dana.<\/p>\n","protected":false},"featured_media":70292,"template":"","meta":{"_acf_changed":false},"product_brand":[],"product_cat":[323],"product_tag":[],"class_list":{"0":"post-70287","1":"product","2":"type-product","3":"status-publish","4":"has-post-thumbnail","6":"product_cat-pletene-stolice","8":"first","9":"onbackorder","10":"sale","11":"taxable","12":"shipping-taxable","13":"purchasable","14":"product-type-simple"},"acf":[],"_links":{"self":[{"href":"https:\/\/adhotelskaoprema.com\/en\/wp-json\/wp\/v2\/product\/70287","targetHints":{"allow":["GET"]}}],"collection":[{"href":"https:\/\/adhotelskaoprema.com\/en\/wp-json\/wp\/v2\/product"}],"about":[{"href":"https:\/\/adhotelskaoprema.com\/en\/wp-json\/wp\/v2\/types\/product"}],"wp:featuredmedia":[{"embeddable":true,"href":"https:\/\/adhotelskaoprema.com\/en\/wp-json\/wp\/v2\/media\/70292"}],"wp:attachment":[{"href":"https:\/\/adhotelskaoprema.com\/en\/wp-json\/wp\/v2\/media?parent=70287"}],"wp:term":[{"taxonomy":"product_brand","embeddable":true,"href":"https:\/\/adhotelskaoprema.com\/en\/wp-json\/wp\/v2\/product_brand?post=70287"},{"taxonomy":"product_cat","embeddable":true,"href":"https:\/\/adhotelskaoprema.com\/en\/wp-json\/wp\/v2\/product_cat?post=70287"},{"taxonomy":"product_tag","embeddable":true,"href":"https:\/\/adhotelskaoprema.com\/en\/wp-json\/wp\/v2\/product_tag?post=70287"}],"curies":[{"name":"wp","href":"https:\/\/api.w.org\/{rel}","templated":true}]}}