{"id":70192,"date":"2025-01-17T08:34:32","date_gmt":"2025-01-17T07:34:32","guid":{"rendered":"https:\/\/adhotelskaoprema.com\/?post_type=product&#038;p=70192"},"modified":"2025-01-17T11:31:45","modified_gmt":"2025-01-17T10:31:45","slug":"stolica-natural-714-nat","status":"publish","type":"product","link":"https:\/\/adhotelskaoprema.com\/en\/proizvod\/stolica-natural-714-nat\/","title":{"rendered":"Stolica natural (714\/NAT)"},"content":{"rendered":"<p class=\"p3 descProd\">Stolica s poliesterskim aluminijskim okvirom<\/p>\n<p class=\"p3 descProd\">oblo\u017eenim prahom, sjedalo i naslon presvu\u010deni su ru\u010dno tkanim sinteti\u010dkim u\u017eetom.<\/p>\n<p>Visina stolice:80 cm<\/p>\n<p>\u0160irina sjedala:56cm<\/p>\n<p>Du\u017eina sjedala:59 cm<\/p>\n<p>Visina od sjedala:48 cm<\/p>\n<p>Promjer:47 cm<\/p>\n<p>&nbsp;<\/p>\n<p class=\"p5\"><img decoding=\"async\" src=\"https:\/\/www.contral.it\/img\/allegati\/714(3).webp\" alt=\"Detalj Orly stolica natural\" \/><\/p>\n<p>&nbsp;<\/p>\n<p>Rok isporuke po narud\u017ebi 14 dana.<\/p>\n<div class=\"clear p5\"><\/div>\n<p>&nbsp;<\/p>\n","protected":false},"excerpt":{"rendered":"<p>Stolica s poliesterskim aluminijskim okvirom oblo\u017eenim prahom, sjedalo i naslon presvu\u010deni su ru\u010dno tkanim sinteti\u010dkim u\u017eetom. Visina stolice:80 cm \u0160irina sjedala:56cm Du\u017eina sjedala:59 cm Visina od sjedala:48 cm Promjer:47 cm &nbsp; &nbsp; Rok isporuke po narud\u017ebi 14 dana. &nbsp;<\/p>\n","protected":false},"featured_media":70213,"template":"","meta":{"_acf_changed":false},"product_brand":[],"product_cat":[323],"product_tag":[],"class_list":{"0":"post-70192","1":"product","2":"type-product","3":"status-publish","4":"has-post-thumbnail","6":"product_cat-pletene-stolice","8":"first","9":"onbackorder","10":"sale","11":"taxable","12":"shipping-taxable","13":"purchasable","14":"product-type-simple"},"acf":[],"_links":{"self":[{"href":"https:\/\/adhotelskaoprema.com\/en\/wp-json\/wp\/v2\/product\/70192","targetHints":{"allow":["GET"]}}],"collection":[{"href":"https:\/\/adhotelskaoprema.com\/en\/wp-json\/wp\/v2\/product"}],"about":[{"href":"https:\/\/adhotelskaoprema.com\/en\/wp-json\/wp\/v2\/types\/product"}],"wp:featuredmedia":[{"embeddable":true,"href":"https:\/\/adhotelskaoprema.com\/en\/wp-json\/wp\/v2\/media\/70213"}],"wp:attachment":[{"href":"https:\/\/adhotelskaoprema.com\/en\/wp-json\/wp\/v2\/media?parent=70192"}],"wp:term":[{"taxonomy":"product_brand","embeddable":true,"href":"https:\/\/adhotelskaoprema.com\/en\/wp-json\/wp\/v2\/product_brand?post=70192"},{"taxonomy":"product_cat","embeddable":true,"href":"https:\/\/adhotelskaoprema.com\/en\/wp-json\/wp\/v2\/product_cat?post=70192"},{"taxonomy":"product_tag","embeddable":true,"href":"https:\/\/adhotelskaoprema.com\/en\/wp-json\/wp\/v2\/product_tag?post=70192"}],"curies":[{"name":"wp","href":"https:\/\/api.w.org\/{rel}","templated":true}]}}