{"id":70158,"date":"2025-01-16T18:47:26","date_gmt":"2025-01-16T17:47:26","guid":{"rendered":"https:\/\/adhotelskaoprema.com\/?post_type=product&#038;p=70158"},"modified":"2025-01-17T11:31:45","modified_gmt":"2025-01-17T10:31:45","slug":"stolica-bez-730-bj","status":"publish","type":"product","link":"https:\/\/adhotelskaoprema.com\/en\/proizvod\/stolica-bez-730-bj\/","title":{"rendered":"Stolica be\u017e (730\/BJ)"},"content":{"rendered":"<p class=\"p3 descProd\">Fotelja s poliesterskim aluminijskim okvirom<\/p>\n<p class=\"p3 descProd\">oblo\u017eenim prahom, sjedi\u0161te i naslon presvu\u010deni su ru\u010dno tkanim sinteti\u010dkim konopom.<\/p>\n<p class=\"p3 descProd\">Nasloni za ruke s Tech-no Wood umetcima.<\/p>\n<p>&nbsp;<\/p>\n<p>Visina stolice:83 cm<\/p>\n<p>\u0160irina sjedala:58cm<\/p>\n<p>Du\u017eina sjedala:58 cm<\/p>\n<p>Visina od sjedala:46 cm<\/p>\n<p>Promjer:49,5 cm<\/p>\n<p>&nbsp;<\/p>\n<p>&nbsp;<\/p>\n<p>Rok isporuke po narud\u017ebi 14 dana.<\/p>\n","protected":false},"excerpt":{"rendered":"<p>Fotelja s poliesterskim aluminijskim okvirom oblo\u017eenim prahom, sjedi\u0161te i naslon presvu\u010deni su ru\u010dno tkanim sinteti\u010dkim konopom. Nasloni za ruke s Tech-no Wood umetcima. &nbsp; Visina stolice:83 cm \u0160irina sjedala:58cm Du\u017eina sjedala:58 cm Visina od sjedala:46 cm Promjer:49,5 cm &nbsp; &nbsp; Rok isporuke po narud\u017ebi 14 dana.<\/p>\n","protected":false},"featured_media":70166,"template":"","meta":{"_acf_changed":false},"product_brand":[],"product_cat":[323],"product_tag":[],"class_list":{"0":"post-70158","1":"product","2":"type-product","3":"status-publish","4":"has-post-thumbnail","6":"product_cat-pletene-stolice","8":"first","9":"onbackorder","10":"sale","11":"taxable","12":"shipping-taxable","13":"purchasable","14":"product-type-simple"},"acf":[],"_links":{"self":[{"href":"https:\/\/adhotelskaoprema.com\/en\/wp-json\/wp\/v2\/product\/70158","targetHints":{"allow":["GET"]}}],"collection":[{"href":"https:\/\/adhotelskaoprema.com\/en\/wp-json\/wp\/v2\/product"}],"about":[{"href":"https:\/\/adhotelskaoprema.com\/en\/wp-json\/wp\/v2\/types\/product"}],"wp:featuredmedia":[{"embeddable":true,"href":"https:\/\/adhotelskaoprema.com\/en\/wp-json\/wp\/v2\/media\/70166"}],"wp:attachment":[{"href":"https:\/\/adhotelskaoprema.com\/en\/wp-json\/wp\/v2\/media?parent=70158"}],"wp:term":[{"taxonomy":"product_brand","embeddable":true,"href":"https:\/\/adhotelskaoprema.com\/en\/wp-json\/wp\/v2\/product_brand?post=70158"},{"taxonomy":"product_cat","embeddable":true,"href":"https:\/\/adhotelskaoprema.com\/en\/wp-json\/wp\/v2\/product_cat?post=70158"},{"taxonomy":"product_tag","embeddable":true,"href":"https:\/\/adhotelskaoprema.com\/en\/wp-json\/wp\/v2\/product_tag?post=70158"}],"curies":[{"name":"wp","href":"https:\/\/api.w.org\/{rel}","templated":true}]}}