{"id":70143,"date":"2025-01-16T17:07:09","date_gmt":"2025-01-16T16:07:09","guid":{"rendered":"https:\/\/adhotelskaoprema.com\/?post_type=product&#038;p=70143"},"modified":"2025-01-17T11:31:46","modified_gmt":"2025-01-17T10:31:46","slug":"stolic-za-kavu-608-hrast","status":"publish","type":"product","link":"https:\/\/adhotelskaoprema.com\/en\/proizvod\/stolic-za-kavu-608-hrast\/","title":{"rendered":"Stoli\u0107 za kavu (608\/HRAST)"},"content":{"rendered":"<p class=\"p3 descProd\"><span>Pomo\u0107ni stoli\u0107, puni aluminij, presvu\u010den poliesterskim prahom.<\/span><\/p>\n<p class=\"p5\">\n<p>Du\u017eina:40 cm<\/p>\n<p>Visina:45 cm<\/p>\n<p>\u0160irina:40 cm<\/p>\n<p>&nbsp;<\/p>\n<p>Rok isporuke po narud\u017ebi 14 dana.<\/p>\n","protected":false},"excerpt":{"rendered":"<p>Pomo\u0107ni stoli\u0107, puni aluminij, presvu\u010den poliesterskim prahom. Du\u017eina:40 cm Visina:45 cm \u0160irina:40 cm &nbsp; Rok isporuke po narud\u017ebi 14 dana.<\/p>\n","protected":false},"featured_media":70150,"template":"","meta":{"_acf_changed":false},"product_brand":[],"product_cat":[322],"product_tag":[],"class_list":{"0":"post-70143","1":"product","2":"type-product","3":"status-publish","4":"has-post-thumbnail","6":"product_cat-stolici-za-kavu","8":"first","9":"onbackorder","10":"sale","11":"taxable","12":"shipping-taxable","13":"purchasable","14":"product-type-simple"},"acf":[],"_links":{"self":[{"href":"https:\/\/adhotelskaoprema.com\/en\/wp-json\/wp\/v2\/product\/70143","targetHints":{"allow":["GET"]}}],"collection":[{"href":"https:\/\/adhotelskaoprema.com\/en\/wp-json\/wp\/v2\/product"}],"about":[{"href":"https:\/\/adhotelskaoprema.com\/en\/wp-json\/wp\/v2\/types\/product"}],"wp:featuredmedia":[{"embeddable":true,"href":"https:\/\/adhotelskaoprema.com\/en\/wp-json\/wp\/v2\/media\/70150"}],"wp:attachment":[{"href":"https:\/\/adhotelskaoprema.com\/en\/wp-json\/wp\/v2\/media?parent=70143"}],"wp:term":[{"taxonomy":"product_brand","embeddable":true,"href":"https:\/\/adhotelskaoprema.com\/en\/wp-json\/wp\/v2\/product_brand?post=70143"},{"taxonomy":"product_cat","embeddable":true,"href":"https:\/\/adhotelskaoprema.com\/en\/wp-json\/wp\/v2\/product_cat?post=70143"},{"taxonomy":"product_tag","embeddable":true,"href":"https:\/\/adhotelskaoprema.com\/en\/wp-json\/wp\/v2\/product_tag?post=70143"}],"curies":[{"name":"wp","href":"https:\/\/api.w.org\/{rel}","templated":true}]}}