{"id":70136,"date":"2025-01-16T15:33:40","date_gmt":"2025-01-16T14:33:40","guid":{"rendered":"https:\/\/adhotelskaoprema.com\/?post_type=product&#038;p=70136"},"modified":"2025-01-17T11:31:46","modified_gmt":"2025-01-17T10:31:46","slug":"elitni-stolic-antracit-607-at","status":"publish","type":"product","link":"https:\/\/adhotelskaoprema.com\/en\/proizvod\/elitni-stolic-antracit-607-at\/","title":{"rendered":"Stoli\u0107 za kavu antracit (607\/AT)"},"content":{"rendered":"<p class=\"p3 descProd\">Bo\u010dni stoli\u0107 od aluminija presvu\u010den poliesterskim prahom.<\/p>\n<p>Du\u017eina:55cm<\/p>\n<p>Visina:42cm<\/p>\n<p>&nbsp;<\/p>\n<p>Rok isporuke po narud\u017ebi 14 dana.<\/p>\n","protected":false},"excerpt":{"rendered":"<p>Bo\u010dni stoli\u0107 od aluminija presvu\u010den poliesterskim prahom. Du\u017eina:55cm Visina:42cm &nbsp; Rok isporuke po narud\u017ebi 14 dana.<\/p>\n","protected":false},"featured_media":70137,"template":"","meta":{"_acf_changed":false},"product_brand":[],"product_cat":[322],"product_tag":[],"class_list":{"0":"post-70136","1":"product","2":"type-product","3":"status-publish","4":"has-post-thumbnail","6":"product_cat-stolici-za-kavu","8":"first","9":"onbackorder","10":"sale","11":"taxable","12":"shipping-taxable","13":"purchasable","14":"product-type-simple"},"acf":[],"_links":{"self":[{"href":"https:\/\/adhotelskaoprema.com\/en\/wp-json\/wp\/v2\/product\/70136","targetHints":{"allow":["GET"]}}],"collection":[{"href":"https:\/\/adhotelskaoprema.com\/en\/wp-json\/wp\/v2\/product"}],"about":[{"href":"https:\/\/adhotelskaoprema.com\/en\/wp-json\/wp\/v2\/types\/product"}],"wp:featuredmedia":[{"embeddable":true,"href":"https:\/\/adhotelskaoprema.com\/en\/wp-json\/wp\/v2\/media\/70137"}],"wp:attachment":[{"href":"https:\/\/adhotelskaoprema.com\/en\/wp-json\/wp\/v2\/media?parent=70136"}],"wp:term":[{"taxonomy":"product_brand","embeddable":true,"href":"https:\/\/adhotelskaoprema.com\/en\/wp-json\/wp\/v2\/product_brand?post=70136"},{"taxonomy":"product_cat","embeddable":true,"href":"https:\/\/adhotelskaoprema.com\/en\/wp-json\/wp\/v2\/product_cat?post=70136"},{"taxonomy":"product_tag","embeddable":true,"href":"https:\/\/adhotelskaoprema.com\/en\/wp-json\/wp\/v2\/product_tag?post=70136"}],"curies":[{"name":"wp","href":"https:\/\/api.w.org\/{rel}","templated":true}]}}