{"id":70125,"date":"2025-01-16T14:48:41","date_gmt":"2025-01-16T13:48:41","guid":{"rendered":"https:\/\/adhotelskaoprema.com\/?post_type=product&#038;p=70125"},"modified":"2025-01-17T11:31:47","modified_gmt":"2025-01-17T10:31:47","slug":"stolic-za-kavu-antracit-bijeli-mramor-549-at-mabi","status":"publish","type":"product","link":"https:\/\/adhotelskaoprema.com\/en\/proizvod\/stolic-za-kavu-antracit-bijeli-mramor-549-at-mabi\/","title":{"rendered":"Stoli\u0107 za kavu antracit\/bijeli mramor (549\/AT-MABI)"},"content":{"rendered":"<p class=\"p3 descProd\">Stol za kavu s poliesterskom aluminijskom bazom oblo\u017eenom prahom i 12 mm HPL-Compact plo\u010dom.<\/p>\n<p>Du\u017eina:50cm<\/p>\n<p>Visina:36 cm<\/p>\n<p>&nbsp;<\/p>\n<p>Rok isporuke po narud\u017ebi 14 dana.<\/p>\n","protected":false},"excerpt":{"rendered":"<p>Stol za kavu s poliesterskom aluminijskom bazom oblo\u017eenom prahom i 12 mm HPL-Compact plo\u010dom. Du\u017eina:50cm Visina:36 cm &nbsp; Rok isporuke po narud\u017ebi 14 dana.<\/p>\n","protected":false},"featured_media":70132,"template":"","meta":{"_acf_changed":false},"product_brand":[],"product_cat":[322],"product_tag":[],"class_list":{"0":"post-70125","1":"product","2":"type-product","3":"status-publish","4":"has-post-thumbnail","6":"product_cat-stolici-za-kavu","8":"first","9":"onbackorder","10":"sale","11":"taxable","12":"shipping-taxable","13":"purchasable","14":"product-type-simple"},"acf":[],"_links":{"self":[{"href":"https:\/\/adhotelskaoprema.com\/en\/wp-json\/wp\/v2\/product\/70125","targetHints":{"allow":["GET"]}}],"collection":[{"href":"https:\/\/adhotelskaoprema.com\/en\/wp-json\/wp\/v2\/product"}],"about":[{"href":"https:\/\/adhotelskaoprema.com\/en\/wp-json\/wp\/v2\/types\/product"}],"wp:featuredmedia":[{"embeddable":true,"href":"https:\/\/adhotelskaoprema.com\/en\/wp-json\/wp\/v2\/media\/70132"}],"wp:attachment":[{"href":"https:\/\/adhotelskaoprema.com\/en\/wp-json\/wp\/v2\/media?parent=70125"}],"wp:term":[{"taxonomy":"product_brand","embeddable":true,"href":"https:\/\/adhotelskaoprema.com\/en\/wp-json\/wp\/v2\/product_brand?post=70125"},{"taxonomy":"product_cat","embeddable":true,"href":"https:\/\/adhotelskaoprema.com\/en\/wp-json\/wp\/v2\/product_cat?post=70125"},{"taxonomy":"product_tag","embeddable":true,"href":"https:\/\/adhotelskaoprema.com\/en\/wp-json\/wp\/v2\/product_tag?post=70125"}],"curies":[{"name":"wp","href":"https:\/\/api.w.org\/{rel}","templated":true}]}}