{"id":70089,"date":"2025-01-16T13:52:06","date_gmt":"2025-01-16T12:52:06","guid":{"rendered":"https:\/\/adhotelskaoprema.com\/?post_type=product&#038;p=70089"},"modified":"2025-01-27T10:21:08","modified_gmt":"2025-01-27T09:21:08","slug":"stolic-za-kavu-antracit-ardezija-523-at-arde","status":"publish","type":"product","link":"https:\/\/adhotelskaoprema.com\/en\/proizvod\/stolic-za-kavu-antracit-ardezija-523-at-arde\/","title":{"rendered":"Stoli\u0107 za kavu antracit\/ardezija (523\/AT-ARDE)"},"content":{"rendered":"<p class=\"p3 descProd\">Aluminijska baza stola presvu\u010dena poliesterskim prahom s HPL-Compact plo\u010dom od 12 mm.<\/p>\n<p>Du\u017eina:95cm<\/p>\n<p>Visina:36 cm<\/p>\n<p>\u0160irina:59cm<\/p>\n<p>&nbsp;<\/p>\n<p>Rok isporuke po narud\u017ebi 14 dana.<\/p>\n","protected":false},"excerpt":{"rendered":"<p>Aluminijska baza stola presvu\u010dena poliesterskim prahom s HPL-Compact plo\u010dom od 12 mm. Du\u017eina:95cm Visina:36 cm \u0160irina:59cm &nbsp; Rok isporuke po narud\u017ebi 14 dana.<\/p>\n","protected":false},"featured_media":70097,"template":"","meta":{"_acf_changed":false},"product_brand":[],"product_cat":[322],"product_tag":[],"class_list":{"0":"post-70089","1":"product","2":"type-product","3":"status-publish","4":"has-post-thumbnail","6":"product_cat-stolici-za-kavu","8":"first","9":"onbackorder","10":"sale","11":"taxable","12":"shipping-taxable","13":"purchasable","14":"product-type-simple"},"acf":[],"_links":{"self":[{"href":"https:\/\/adhotelskaoprema.com\/en\/wp-json\/wp\/v2\/product\/70089","targetHints":{"allow":["GET"]}}],"collection":[{"href":"https:\/\/adhotelskaoprema.com\/en\/wp-json\/wp\/v2\/product"}],"about":[{"href":"https:\/\/adhotelskaoprema.com\/en\/wp-json\/wp\/v2\/types\/product"}],"wp:featuredmedia":[{"embeddable":true,"href":"https:\/\/adhotelskaoprema.com\/en\/wp-json\/wp\/v2\/media\/70097"}],"wp:attachment":[{"href":"https:\/\/adhotelskaoprema.com\/en\/wp-json\/wp\/v2\/media?parent=70089"}],"wp:term":[{"taxonomy":"product_brand","embeddable":true,"href":"https:\/\/adhotelskaoprema.com\/en\/wp-json\/wp\/v2\/product_brand?post=70089"},{"taxonomy":"product_cat","embeddable":true,"href":"https:\/\/adhotelskaoprema.com\/en\/wp-json\/wp\/v2\/product_cat?post=70089"},{"taxonomy":"product_tag","embeddable":true,"href":"https:\/\/adhotelskaoprema.com\/en\/wp-json\/wp\/v2\/product_tag?post=70089"}],"curies":[{"name":"wp","href":"https:\/\/api.w.org\/{rel}","templated":true}]}}