{"id":70070,"date":"2025-01-16T12:33:53","date_gmt":"2025-01-16T11:33:53","guid":{"rendered":"https:\/\/adhotelskaoprema.com\/?post_type=product&#038;p=70070"},"modified":"2025-01-17T11:31:48","modified_gmt":"2025-01-17T10:31:48","slug":"stolic-za-kavu-terakota-mongolija-573-ter","status":"publish","type":"product","link":"https:\/\/adhotelskaoprema.com\/en\/proizvod\/stolic-za-kavu-terakota-mongolija-573-ter\/","title":{"rendered":"Stoli\u0107 za kavu terakota\/mongolija (573\/TER)"},"content":{"rendered":"<p class=\"p3 descProd\">Stol za kavu s poliesterskom aluminijskom bazom oblo\u017eenom prahom i 12 mm HPL-Compact plo\u010dom.<\/p>\n<p>&nbsp;<\/p>\n<p>Du\u017eina:45cm<\/p>\n<p>Visina:38 cm<\/p>\n<p>\u0160irina:45cm<\/p>\n<p>&nbsp;<\/p>\n<p>Rok isporuke po narud\u017ebi 14 dana.<\/p>\n","protected":false},"excerpt":{"rendered":"<p>Stol za kavu s poliesterskom aluminijskom bazom oblo\u017eenom prahom i 12 mm HPL-Compact plo\u010dom. &nbsp; Du\u017eina:45cm Visina:38 cm \u0160irina:45cm &nbsp; Rok isporuke po narud\u017ebi 14 dana.<\/p>\n","protected":false},"featured_media":70084,"template":"","meta":{"_acf_changed":false},"product_brand":[],"product_cat":[322],"product_tag":[],"class_list":{"0":"post-70070","1":"product","2":"type-product","3":"status-publish","4":"has-post-thumbnail","6":"product_cat-stolici-za-kavu","8":"first","9":"onbackorder","10":"sale","11":"taxable","12":"shipping-taxable","13":"purchasable","14":"product-type-simple"},"acf":[],"_links":{"self":[{"href":"https:\/\/adhotelskaoprema.com\/en\/wp-json\/wp\/v2\/product\/70070","targetHints":{"allow":["GET"]}}],"collection":[{"href":"https:\/\/adhotelskaoprema.com\/en\/wp-json\/wp\/v2\/product"}],"about":[{"href":"https:\/\/adhotelskaoprema.com\/en\/wp-json\/wp\/v2\/types\/product"}],"wp:featuredmedia":[{"embeddable":true,"href":"https:\/\/adhotelskaoprema.com\/en\/wp-json\/wp\/v2\/media\/70084"}],"wp:attachment":[{"href":"https:\/\/adhotelskaoprema.com\/en\/wp-json\/wp\/v2\/media?parent=70070"}],"wp:term":[{"taxonomy":"product_brand","embeddable":true,"href":"https:\/\/adhotelskaoprema.com\/en\/wp-json\/wp\/v2\/product_brand?post=70070"},{"taxonomy":"product_cat","embeddable":true,"href":"https:\/\/adhotelskaoprema.com\/en\/wp-json\/wp\/v2\/product_cat?post=70070"},{"taxonomy":"product_tag","embeddable":true,"href":"https:\/\/adhotelskaoprema.com\/en\/wp-json\/wp\/v2\/product_tag?post=70070"}],"curies":[{"name":"wp","href":"https:\/\/api.w.org\/{rel}","templated":true}]}}