{"id":7007,"date":"2024-02-05T10:35:54","date_gmt":"2024-02-05T09:35:54","guid":{"rendered":"https:\/\/adhotelskaoprema.com\/proizvod\/visilica-mapa-o-40\/"},"modified":"2024-03-25T12:53:23","modified_gmt":"2024-03-25T11:53:23","slug":"visilica-mapa-o-40","status":"publish","type":"product","link":"https:\/\/adhotelskaoprema.com\/en\/proizvod\/visilica-mapa-o-40\/","title":{"rendered":"Visilica Mapa &#8211; \u00d8 40"},"content":{"rendered":"<p>Opis:<br \/>\nKromirani okvir. Difuzor od puhanog stakla s unutarnjim ukrasom od aluminijske \u017eice. Ovjesi s \u010deli\u010dnom sajlom podesive duljine.<\/p>\n<p>Dimenzije: \u00d8 400 x visina min 650 \/ max 2400 mm.<\/p>\n<p>Rok isporuke 15 dana.<\/p>\n","protected":false},"excerpt":{"rendered":"<p>|||<\/p>\n","protected":false},"featured_media":3098,"template":"","meta":{"_acf_changed":false},"product_brand":[],"product_cat":[161],"product_tag":[],"class_list":{"0":"post-7007","1":"product","2":"type-product","3":"status-publish","4":"has-post-thumbnail","6":"product_cat-unutarnja-rasvjeta-visilice","8":"first","9":"instock","10":"sale","11":"taxable","12":"shipping-taxable","13":"purchasable","14":"product-type-simple"},"acf":[],"_links":{"self":[{"href":"https:\/\/adhotelskaoprema.com\/en\/wp-json\/wp\/v2\/product\/7007","targetHints":{"allow":["GET"]}}],"collection":[{"href":"https:\/\/adhotelskaoprema.com\/en\/wp-json\/wp\/v2\/product"}],"about":[{"href":"https:\/\/adhotelskaoprema.com\/en\/wp-json\/wp\/v2\/types\/product"}],"wp:featuredmedia":[{"embeddable":true,"href":"https:\/\/adhotelskaoprema.com\/en\/wp-json\/wp\/v2\/media\/3098"}],"wp:attachment":[{"href":"https:\/\/adhotelskaoprema.com\/en\/wp-json\/wp\/v2\/media?parent=7007"}],"wp:term":[{"taxonomy":"product_brand","embeddable":true,"href":"https:\/\/adhotelskaoprema.com\/en\/wp-json\/wp\/v2\/product_brand?post=7007"},{"taxonomy":"product_cat","embeddable":true,"href":"https:\/\/adhotelskaoprema.com\/en\/wp-json\/wp\/v2\/product_cat?post=7007"},{"taxonomy":"product_tag","embeddable":true,"href":"https:\/\/adhotelskaoprema.com\/en\/wp-json\/wp\/v2\/product_tag?post=7007"}],"curies":[{"name":"wp","href":"https:\/\/api.w.org\/{rel}","templated":true}]}}