{"id":70012,"date":"2025-01-15T18:38:16","date_gmt":"2025-01-15T17:38:16","guid":{"rendered":"https:\/\/adhotelskaoprema.com\/?post_type=product&#038;p=70012"},"modified":"2025-01-17T11:31:50","modified_gmt":"2025-01-17T10:31:50","slug":"lezaljka-za-suncanje","status":"publish","type":"product","link":"https:\/\/adhotelskaoprema.com\/en\/proizvod\/lezaljka-za-suncanje\/","title":{"rendered":"Le\u017ealjka za sun\u010danje 70012"},"content":{"rendered":"<p class=\"p3 descProd\">Le\u017ealjka s kota\u010dima, aluminijski okvir, presvu\u010den poliesterskim prahom.<br \/>\nOkvir je pleten sinteti\u010dkim u\u017eetom.<br \/>\nLe\u0111a podesiva u 6 polo\u017eaja.<br \/>\nJastuk od 100% poliesterske tkanine i navlaka koja se mo\u017ee skinuti.<\/p>\n<p class=\"p5\"><img decoding=\"async\" src=\"https:\/\/www.contral.it\/img\/allegati\/604(1).webp\" alt=\"Detalj Le\u017ealjka Bergen\" \/><\/p>\n<p>&nbsp;<\/p>\n<p>Rok isporuke po narud\u017ebi 20 dana.<\/p>\n<p>Rok isporuke lager 2 dana.<\/p>\n","protected":false},"excerpt":{"rendered":"<p>Le\u017ealjka s kota\u010dima, aluminijski okvir, presvu\u010den poliesterskim prahom. Okvir je pleten sinteti\u010dkim u\u017eetom. Le\u0111a podesiva u 6 polo\u017eaja. Jastuk od 100% poliesterske tkanine i navlaka koja se mo\u017ee skinuti. &nbsp; Rok isporuke po narud\u017ebi 20 dana. Rok isporuke lager 2 dana.<\/p>\n","protected":false},"featured_media":70013,"template":"","meta":{"_acf_changed":false},"product_brand":[],"product_cat":[279],"product_tag":[],"class_list":{"0":"post-70012","1":"product","2":"type-product","3":"status-publish","4":"has-post-thumbnail","6":"product_cat-lezaljke-2","8":"first","9":"onbackorder","10":"sale","11":"taxable","12":"shipping-taxable","13":"purchasable","14":"product-type-simple"},"acf":[],"_links":{"self":[{"href":"https:\/\/adhotelskaoprema.com\/en\/wp-json\/wp\/v2\/product\/70012","targetHints":{"allow":["GET"]}}],"collection":[{"href":"https:\/\/adhotelskaoprema.com\/en\/wp-json\/wp\/v2\/product"}],"about":[{"href":"https:\/\/adhotelskaoprema.com\/en\/wp-json\/wp\/v2\/types\/product"}],"wp:featuredmedia":[{"embeddable":true,"href":"https:\/\/adhotelskaoprema.com\/en\/wp-json\/wp\/v2\/media\/70013"}],"wp:attachment":[{"href":"https:\/\/adhotelskaoprema.com\/en\/wp-json\/wp\/v2\/media?parent=70012"}],"wp:term":[{"taxonomy":"product_brand","embeddable":true,"href":"https:\/\/adhotelskaoprema.com\/en\/wp-json\/wp\/v2\/product_brand?post=70012"},{"taxonomy":"product_cat","embeddable":true,"href":"https:\/\/adhotelskaoprema.com\/en\/wp-json\/wp\/v2\/product_cat?post=70012"},{"taxonomy":"product_tag","embeddable":true,"href":"https:\/\/adhotelskaoprema.com\/en\/wp-json\/wp\/v2\/product_tag?post=70012"}],"curies":[{"name":"wp","href":"https:\/\/api.w.org\/{rel}","templated":true}]}}