{"id":69986,"date":"2025-01-15T18:06:53","date_gmt":"2025-01-15T17:06:53","guid":{"rendered":"https:\/\/adhotelskaoprema.com\/?post_type=product&#038;p=69986"},"modified":"2025-01-17T11:31:51","modified_gmt":"2025-01-17T10:31:51","slug":"lezaljka-dune-bijela","status":"publish","type":"product","link":"https:\/\/adhotelskaoprema.com\/en\/proizvod\/lezaljka-dune-bijela\/","title":{"rendered":"Le\u017ealjka 69986  bijela"},"content":{"rendered":"<p class=\"p3 descProd\">Le\u017ealjka s poliesterskim aluminijskim okvirom oblo\u017eenim prahom.<\/p>\n<p class=\"p3 descProd\">S kota\u010dima i naslonom podesivim u \u010detiri polo\u017eaja.<\/p>\n<p class=\"p3 descProd\">Sjedalo i naslon presvu\u010deni PVC tkaninom.<\/p>\n<p class=\"p5\"><img decoding=\"async\" src=\"https:\/\/www.contral.it\/img\/allegati\/603.webp\" alt=\"Detalj Dune Suncounger antracit\" \/><\/p>\n<p>&nbsp;<\/p>\n<p>Rok isporuke po narud\u017ebi 20 dana.<\/p>\n<p>Rok isporuke lager 2 dana.<\/p>\n","protected":false},"excerpt":{"rendered":"<p>Le\u017ealjka s poliesterskim aluminijskim okvirom oblo\u017eenim prahom. S kota\u010dima i naslonom podesivim u \u010detiri polo\u017eaja. Sjedalo i naslon presvu\u010deni PVC tkaninom. &nbsp; Rok isporuke po narud\u017ebi 20 dana. Rok isporuke lager 2 dana.<\/p>\n","protected":false},"featured_media":69991,"template":"","meta":{"_acf_changed":false},"product_brand":[],"product_cat":[279],"product_tag":[],"class_list":{"0":"post-69986","1":"product","2":"type-product","3":"status-publish","4":"has-post-thumbnail","6":"product_cat-lezaljke-2","8":"first","9":"onbackorder","10":"sale","11":"taxable","12":"shipping-taxable","13":"purchasable","14":"product-type-simple"},"acf":[],"_links":{"self":[{"href":"https:\/\/adhotelskaoprema.com\/en\/wp-json\/wp\/v2\/product\/69986","targetHints":{"allow":["GET"]}}],"collection":[{"href":"https:\/\/adhotelskaoprema.com\/en\/wp-json\/wp\/v2\/product"}],"about":[{"href":"https:\/\/adhotelskaoprema.com\/en\/wp-json\/wp\/v2\/types\/product"}],"wp:featuredmedia":[{"embeddable":true,"href":"https:\/\/adhotelskaoprema.com\/en\/wp-json\/wp\/v2\/media\/69991"}],"wp:attachment":[{"href":"https:\/\/adhotelskaoprema.com\/en\/wp-json\/wp\/v2\/media?parent=69986"}],"wp:term":[{"taxonomy":"product_brand","embeddable":true,"href":"https:\/\/adhotelskaoprema.com\/en\/wp-json\/wp\/v2\/product_brand?post=69986"},{"taxonomy":"product_cat","embeddable":true,"href":"https:\/\/adhotelskaoprema.com\/en\/wp-json\/wp\/v2\/product_cat?post=69986"},{"taxonomy":"product_tag","embeddable":true,"href":"https:\/\/adhotelskaoprema.com\/en\/wp-json\/wp\/v2\/product_tag?post=69986"}],"curies":[{"name":"wp","href":"https:\/\/api.w.org\/{rel}","templated":true}]}}