{"id":69939,"date":"2025-01-14T16:18:56","date_gmt":"2025-01-14T15:18:56","guid":{"rendered":"https:\/\/adhotelskaoprema.com\/?post_type=product&#038;p=69939"},"modified":"2025-02-26T08:52:04","modified_gmt":"2025-02-26T07:52:04","slug":"minibar-ta-40-l-puna-vrata","status":"publish","type":"product","link":"https:\/\/adhotelskaoprema.com\/en\/proizvod\/minibar-ta-40-l-puna-vrata\/","title":{"rendered":"Minibar TA 40 L"},"content":{"rendered":"<section class=\"product__argu\">\n<h2 class=\"product__argu__title\"><span>Proizvod\u00a0<\/span><\/h2>\n<ul class=\"product__argu__list\">\n<li><span>tiho 24\/7<\/span><\/li>\n<li><span>Ekonomi\u010dan zahvaljuju\u0107i tehnologiji termo-apsorpcije<\/span><\/li>\n<li><span>Pouzdan: bez motora, bez pokretnih dijelova<\/span><\/li>\n<\/ul>\n<\/section>\n<section>\n<h2 class=\"product__section-title js_accordion_toggle is-open\">Tehni\u010dki podaci<\/h2>\n<div class=\"js_accordion_content\">\n<ul class=\"product__features\">\n<li>Materijal stalka: VERRE<\/li>\n<li>Kori\u0161teni plin: R600A<\/li>\n<li>Materijal: \u010delik<\/li>\n<li>Boja: Crna<\/li>\n<li>Volumen (L): 40.0000<\/li>\n<li>Jamstvo (u godinama): 2<\/li>\n<li>Klasa energetske u\u010dinkovitosti: G<\/li>\n<li>Broj polica: 2<\/li>\n<li>Okretna vrata: Da<\/li>\n<li>Vrsta vrata: Vrata od \u010dvrste pjene<\/li>\n<li>Potro\u0161nja energije (kwh\/24h) : 0.4400<\/li>\n<li>Vrsta hla\u0111enja: Termo-apsorpcija<\/li>\n<li>Automatsko odmrzavanje: Da<\/li>\n<li>Unutarnje svjetlo: Da<\/li>\n<li>Vrsta rasvjete: LED<\/li>\n<li>Nazivna snaga (W): 65<\/li>\n<li>Napon: 220-240V<\/li>\n<li>Frekvencija (Hz): 50-60<\/li>\n<li>Razina zvuka (dB) (1 m ispred ure\u0111aja): Ne<\/li>\n<li>Visina (mm) : 550<\/li>\n<li>\u0160irina (mm) : 400<\/li>\n<li>Dubina (mm) : 435<\/li>\n<li>Visina (mm) : 410<\/li>\n<li>\u0160irina (mm) : 300<\/li>\n<li>Dubina (mm) : 235<\/li>\n<\/ul>\n<\/div>\n<p>&nbsp;<\/p>\n<p>&nbsp;<\/p>\n<p>Rok isporuke po narud\u017ebi 20 dana.<\/p>\n<p>Rok isporuke lager 2 dana.<\/p>\n<\/section>\n","protected":false},"excerpt":{"rendered":"<p>Proizvod\u00a0 tiho 24\/7 Ekonomi\u010dan zahvaljuju\u0107i tehnologiji termo-apsorpcije Pouzdan: bez motora, bez pokretnih dijelova Tehni\u010dki podaci Materijal stalka: VERRE Kori\u0161teni plin: R600A Materijal: \u010delik Boja: Crna Volumen (L): 40.0000 Jamstvo (u godinama): 2 Klasa energetske u\u010dinkovitosti: G Broj polica: 2 Okretna vrata: Da Vrsta vrata: Vrata od \u010dvrste pjene Potro\u0161nja energije (kwh\/24h) : 0.4400 Vrsta hla\u0111enja: [&hellip;]<\/p>\n","protected":false},"featured_media":69940,"template":"","meta":{"_acf_changed":false},"product_brand":[],"product_cat":[68],"product_tag":[],"class_list":{"0":"post-69939","1":"product","2":"type-product","3":"status-publish","4":"has-post-thumbnail","6":"product_cat-minibarovi","8":"first","9":"outofstock","10":"sale","11":"taxable","12":"shipping-taxable","13":"purchasable","14":"product-type-simple"},"acf":[],"_links":{"self":[{"href":"https:\/\/adhotelskaoprema.com\/en\/wp-json\/wp\/v2\/product\/69939","targetHints":{"allow":["GET"]}}],"collection":[{"href":"https:\/\/adhotelskaoprema.com\/en\/wp-json\/wp\/v2\/product"}],"about":[{"href":"https:\/\/adhotelskaoprema.com\/en\/wp-json\/wp\/v2\/types\/product"}],"wp:featuredmedia":[{"embeddable":true,"href":"https:\/\/adhotelskaoprema.com\/en\/wp-json\/wp\/v2\/media\/69940"}],"wp:attachment":[{"href":"https:\/\/adhotelskaoprema.com\/en\/wp-json\/wp\/v2\/media?parent=69939"}],"wp:term":[{"taxonomy":"product_brand","embeddable":true,"href":"https:\/\/adhotelskaoprema.com\/en\/wp-json\/wp\/v2\/product_brand?post=69939"},{"taxonomy":"product_cat","embeddable":true,"href":"https:\/\/adhotelskaoprema.com\/en\/wp-json\/wp\/v2\/product_cat?post=69939"},{"taxonomy":"product_tag","embeddable":true,"href":"https:\/\/adhotelskaoprema.com\/en\/wp-json\/wp\/v2\/product_tag?post=69939"}],"curies":[{"name":"wp","href":"https:\/\/api.w.org\/{rel}","templated":true}]}}