{"id":69927,"date":"2025-01-14T15:23:33","date_gmt":"2025-01-14T14:23:33","guid":{"rendered":"https:\/\/adhotelskaoprema.com\/?post_type=product&#038;p=69927"},"modified":"2025-01-17T11:31:54","modified_gmt":"2025-01-17T10:31:54","slug":"kanta-za-reciklazu-crna-13l-3-odjeljka","status":"publish","type":"product","link":"https:\/\/adhotelskaoprema.com\/en\/proizvod\/kanta-za-reciklazu-crna-13l-3-odjeljka\/","title":{"rendered":"Kanta za recikla\u017eu crna 13L \u2013 3 odjeljka"},"content":{"rendered":"<p>Crna okrugla Kanta od 13L s 3 crna pladnja s integriranim i uklonjivim ru\u010dkama. Naljepnice prilo\u017eene.<\/p>\n<p>&nbsp;<\/p>\n<section class=\"product__argu\">\n<h2 class=\"product__argu__title\"><span>Proizvod\u00a0<\/span><\/h2>\n<ul class=\"product__argu__list\">\n<li><span>Jedinstven dizajn za sortiranje sitnog otpada<\/span><\/li>\n<li><span>Uklju\u010deno 6 naljepnica<\/span><\/li>\n<li><span>Lako se prazni zahvaljuju\u0107i integriranim ru\u010dkama<\/span><\/li>\n<\/ul>\n<\/section>\n<section>\n<h2 class=\"product__section-title js_accordion_toggle is-open\">Tehni\u010dki podaci<\/h2>\n<div class=\"js_accordion_content\">\n<ul class=\"product__features\">\n<li>Materijal: \u010delik<\/li>\n<li>Boja: Crna<\/li>\n<li>Volumen (L): 13.0000<\/li>\n<li>Broj posuda: 3<\/li>\n<li>Visina (mm) : 300<\/li>\n<li>\u0160irina (mm) : 245<\/li>\n<li>Dubina (mm) : 245<\/li>\n<li>Promjer (mm) : 245<\/li>\n<\/ul>\n<\/div>\n<p>Rok isporuke po narud\u017ebi 20 dana.<\/p>\n<p>Rok isporuke lager 2 dana.<\/p>\n<\/section>\n","protected":false},"excerpt":{"rendered":"<p>Crna okrugla Kanta od 13L s 3 crna pladnja s integriranim i uklonjivim ru\u010dkama. Naljepnice prilo\u017eene. &nbsp; Proizvod\u00a0 Jedinstven dizajn za sortiranje sitnog otpada Uklju\u010deno 6 naljepnica Lako se prazni zahvaljuju\u0107i integriranim ru\u010dkama Tehni\u010dki podaci Materijal: \u010delik Boja: Crna Volumen (L): 13.0000 Broj posuda: 3 Visina (mm) : 300 \u0160irina (mm) : 245 Dubina (mm) [&hellip;]<\/p>\n","protected":false},"featured_media":69930,"template":"","meta":{"_acf_changed":false},"product_brand":[],"product_cat":[319],"product_tag":[],"class_list":{"0":"post-69927","1":"product","2":"type-product","3":"status-publish","4":"has-post-thumbnail","6":"product_cat-kosevi-za-sortiranje-otpada","8":"first","9":"onbackorder","10":"sale","11":"taxable","12":"shipping-taxable","13":"purchasable","14":"product-type-simple"},"acf":[],"_links":{"self":[{"href":"https:\/\/adhotelskaoprema.com\/en\/wp-json\/wp\/v2\/product\/69927","targetHints":{"allow":["GET"]}}],"collection":[{"href":"https:\/\/adhotelskaoprema.com\/en\/wp-json\/wp\/v2\/product"}],"about":[{"href":"https:\/\/adhotelskaoprema.com\/en\/wp-json\/wp\/v2\/types\/product"}],"wp:featuredmedia":[{"embeddable":true,"href":"https:\/\/adhotelskaoprema.com\/en\/wp-json\/wp\/v2\/media\/69930"}],"wp:attachment":[{"href":"https:\/\/adhotelskaoprema.com\/en\/wp-json\/wp\/v2\/media?parent=69927"}],"wp:term":[{"taxonomy":"product_brand","embeddable":true,"href":"https:\/\/adhotelskaoprema.com\/en\/wp-json\/wp\/v2\/product_brand?post=69927"},{"taxonomy":"product_cat","embeddable":true,"href":"https:\/\/adhotelskaoprema.com\/en\/wp-json\/wp\/v2\/product_cat?post=69927"},{"taxonomy":"product_tag","embeddable":true,"href":"https:\/\/adhotelskaoprema.com\/en\/wp-json\/wp\/v2\/product_tag?post=69927"}],"curies":[{"name":"wp","href":"https:\/\/api.w.org\/{rel}","templated":true}]}}