{"id":69912,"date":"2025-01-14T12:14:38","date_gmt":"2025-01-14T11:14:38","guid":{"rendered":"https:\/\/adhotelskaoprema.com\/?post_type=product&#038;p=69912"},"modified":"2025-01-17T11:31:55","modified_gmt":"2025-01-17T10:31:55","slug":"zidna-kanta-za-smece-polumjesec-crna-20l","status":"publish","type":"product","link":"https:\/\/adhotelskaoprema.com\/en\/proizvod\/zidna-kanta-za-smece-polumjesec-crna-20l\/","title":{"rendered":"Zidna kanta za sme\u0107e polumjesec crna 20L"},"content":{"rendered":"<p>Crna zidna kanta za sme\u0107e u obliku polumjeseca od 20L od \u010delika obojenog epoksi smolom s rubom bez rubova.<\/p>\n<p>&nbsp;<\/p>\n<section class=\"product__argu\">\n<h2 class=\"product__argu__title\">Proizvod<\/h2>\n<ul class=\"product__argu__list\">\n<li>Lako se montira<\/li>\n<li>Lako se prazni<\/li>\n<li>Ne re\u017ee\u0107i rub<\/li>\n<li>Zidni nosa\u010d uklju\u010den<\/li>\n<\/ul>\n<\/section>\n<section>\n<h2 class=\"product__section-title js_accordion_toggle is-open\">Tehni\u010dki podaci<\/h2>\n<div class=\"js_accordion_content\">\n<ul class=\"product__features\">\n<li>Materijal: \u010delik<\/li>\n<li>Boja: Crna<\/li>\n<li>Volumen (L): 20.0000<\/li>\n<li>Broj ladica: Da<\/li>\n<li>Visina (mm) : 495<\/li>\n<li>\u0160irina (mm) : 350<\/li>\n<li>Dubina (mm) : 190<\/li>\n<\/ul>\n<\/div>\n<p>&nbsp;<\/p>\n<p>Rok isporuke po narud\u017ebi 20 dana.<\/p>\n<p>Rok isporuke lager 2 dana.<\/p>\n<\/section>\n","protected":false},"excerpt":{"rendered":"<p>Crna zidna kanta za sme\u0107e u obliku polumjeseca od 20L od \u010delika obojenog epoksi smolom s rubom bez rubova. &nbsp; Proizvod Lako se montira Lako se prazni Ne re\u017ee\u0107i rub Zidni nosa\u010d uklju\u010den Tehni\u010dki podaci Materijal: \u010delik Boja: Crna Volumen (L): 20.0000 Broj ladica: Da Visina (mm) : 495 \u0160irina (mm) : 350 Dubina (mm) [&hellip;]<\/p>\n","protected":false},"featured_media":69914,"template":"","meta":{"_acf_changed":false},"product_brand":[],"product_cat":[321],"product_tag":[],"class_list":{"0":"post-69912","1":"product","2":"type-product","3":"status-publish","4":"has-post-thumbnail","6":"product_cat-kos-za-zid","8":"first","9":"onbackorder","10":"sale","11":"taxable","12":"shipping-taxable","13":"purchasable","14":"product-type-simple"},"acf":[],"_links":{"self":[{"href":"https:\/\/adhotelskaoprema.com\/en\/wp-json\/wp\/v2\/product\/69912","targetHints":{"allow":["GET"]}}],"collection":[{"href":"https:\/\/adhotelskaoprema.com\/en\/wp-json\/wp\/v2\/product"}],"about":[{"href":"https:\/\/adhotelskaoprema.com\/en\/wp-json\/wp\/v2\/types\/product"}],"wp:featuredmedia":[{"embeddable":true,"href":"https:\/\/adhotelskaoprema.com\/en\/wp-json\/wp\/v2\/media\/69914"}],"wp:attachment":[{"href":"https:\/\/adhotelskaoprema.com\/en\/wp-json\/wp\/v2\/media?parent=69912"}],"wp:term":[{"taxonomy":"product_brand","embeddable":true,"href":"https:\/\/adhotelskaoprema.com\/en\/wp-json\/wp\/v2\/product_brand?post=69912"},{"taxonomy":"product_cat","embeddable":true,"href":"https:\/\/adhotelskaoprema.com\/en\/wp-json\/wp\/v2\/product_cat?post=69912"},{"taxonomy":"product_tag","embeddable":true,"href":"https:\/\/adhotelskaoprema.com\/en\/wp-json\/wp\/v2\/product_tag?post=69912"}],"curies":[{"name":"wp","href":"https:\/\/api.w.org\/{rel}","templated":true}]}}