{"id":69904,"date":"2025-01-14T10:10:42","date_gmt":"2025-01-14T09:10:42","guid":{"rendered":"https:\/\/adhotelskaoprema.com\/?post_type=product&#038;p=69904"},"modified":"2025-01-17T11:31:56","modified_gmt":"2025-01-17T10:31:56","slug":"kanta-push-40l-nehrdajuci-celik","status":"publish","type":"product","link":"https:\/\/adhotelskaoprema.com\/en\/proizvod\/kanta-push-40l-nehrdajuci-celik\/","title":{"rendered":"Kanta Push 40L Nehr\u0111aju\u0107i \u010delik"},"content":{"rendered":"<p>KOLEKTOR Push 40L ogledalo od nehr\u0111aju\u0107eg \u010delika opremljeno tihim sifonom od nehr\u0111aju\u0107eg \u010delika s oprugom.<\/p>\n<p>Dr\u017ea\u010d vre\u0107ice dr\u017ei vre\u0107icu za sme\u0107e na mjestu i izvan pogleda.<\/p>\n<p>Gumeni rub oko donjeg ruba \u0161titi od ogrebotina i kemikalija.<\/p>\n<p>&nbsp;<\/p>\n<section class=\"product__argu\">\n<h2 class=\"product__argu__title\">Proizvod<\/h2>\n<ul class=\"product__argu__list\">\n<li>Otvaraju se i automatski zatvaraju pomo\u0107u oja\u010danih Push vrata od poliranog nehr\u0111aju\u0107eg \u010delika<\/li>\n<li>Gumeni prsten na dnu za za\u0161titu od grebanja poda i deterd\u017eenata<\/li>\n<\/ul>\n<\/section>\n<section>\n<h2 class=\"product__section-title js_accordion_toggle is-open\">Tehni\u010dki podaci<\/h2>\n<div class=\"js_accordion_content\">\n<ul class=\"product__features\">\n<li>Materijal: nehr\u0111aju\u0107i \u010delik<\/li>\n<li>Boja: Nehr\u0111aju\u0107i \u010delik<\/li>\n<li>Volumen (L): 40.0000<\/li>\n<li>Broj ladica: Da<\/li>\n<li>Visina (mm) : 785<\/li>\n<li>\u00a0\u0160irina (mm) : 345<\/li>\n<li>\u00a0Dubina (mm) : 345<\/li>\n<li>Promjer (mm) : 345<br \/>\n<section>\n<div class=\"js_accordion_content\"><\/div>\n<\/section>\n<\/li>\n<\/ul>\n<p>&nbsp;<\/p>\n<p>Rok isporuke po narud\u017ebi 20 dana.<\/p>\n<p>Rok isporuke lager 2 dana.<\/p>\n<\/div>\n<\/section>\n","protected":false},"excerpt":{"rendered":"<p>KOLEKTOR Push 40L ogledalo od nehr\u0111aju\u0107eg \u010delika opremljeno tihim sifonom od nehr\u0111aju\u0107eg \u010delika s oprugom. Dr\u017ea\u010d vre\u0107ice dr\u017ei vre\u0107icu za sme\u0107e na mjestu i izvan pogleda. Gumeni rub oko donjeg ruba \u0161titi od ogrebotina i kemikalija. &nbsp; Proizvod Otvaraju se i automatski zatvaraju pomo\u0107u oja\u010danih Push vrata od poliranog nehr\u0111aju\u0107eg \u010delika Gumeni prsten na dnu [&hellip;]<\/p>\n","protected":false},"featured_media":69902,"template":"","meta":{"_acf_changed":false},"product_brand":[],"product_cat":[320],"product_tag":[],"class_list":{"0":"post-69904","1":"product","2":"type-product","3":"status-publish","4":"has-post-thumbnail","6":"product_cat-kosevi-za-sobe","8":"first","9":"onbackorder","10":"sale","11":"taxable","12":"shipping-taxable","13":"purchasable","14":"product-type-simple"},"acf":[],"_links":{"self":[{"href":"https:\/\/adhotelskaoprema.com\/en\/wp-json\/wp\/v2\/product\/69904","targetHints":{"allow":["GET"]}}],"collection":[{"href":"https:\/\/adhotelskaoprema.com\/en\/wp-json\/wp\/v2\/product"}],"about":[{"href":"https:\/\/adhotelskaoprema.com\/en\/wp-json\/wp\/v2\/types\/product"}],"wp:featuredmedia":[{"embeddable":true,"href":"https:\/\/adhotelskaoprema.com\/en\/wp-json\/wp\/v2\/media\/69902"}],"wp:attachment":[{"href":"https:\/\/adhotelskaoprema.com\/en\/wp-json\/wp\/v2\/media?parent=69904"}],"wp:term":[{"taxonomy":"product_brand","embeddable":true,"href":"https:\/\/adhotelskaoprema.com\/en\/wp-json\/wp\/v2\/product_brand?post=69904"},{"taxonomy":"product_cat","embeddable":true,"href":"https:\/\/adhotelskaoprema.com\/en\/wp-json\/wp\/v2\/product_cat?post=69904"},{"taxonomy":"product_tag","embeddable":true,"href":"https:\/\/adhotelskaoprema.com\/en\/wp-json\/wp\/v2\/product_tag?post=69904"}],"curies":[{"name":"wp","href":"https:\/\/api.w.org\/{rel}","templated":true}]}}