{"id":69892,"date":"2025-01-14T10:00:58","date_gmt":"2025-01-14T09:00:58","guid":{"rendered":"https:\/\/adhotelskaoprema.com\/?post_type=product&#038;p=69892"},"modified":"2025-01-17T11:31:56","modified_gmt":"2025-01-17T10:31:56","slug":"kanta-push-40l-crna","status":"publish","type":"product","link":"https:\/\/adhotelskaoprema.com\/en\/proizvod\/kanta-push-40l-crna\/","title":{"rendered":"Kanta Push 40L crna"},"content":{"rendered":"<p>KOLEKTOR Push 40L crni Opremljen tihim sifonom od nehr\u0111aju\u0107eg \u010delika s oprugom.<\/p>\n<p>Dr\u017ea\u010d vre\u0107ice dr\u017ei vre\u0107icu za sme\u0107e na mjestu i izvan pogleda.<\/p>\n<p>Gumeni rub oko donjeg ruba \u0161titi od ogrebotina i kemikalija<\/p>\n<section class=\"product__argu\">\n<h2><\/h2>\n<h2 class=\"product__argu__title\"><span>Proizvod\u00a0<\/span><\/h2>\n<ul class=\"product__argu__list\">\n<li><span>Otvaraju se i automatski zatvaraju pomo\u0107u oja\u010danih Push vrata od poliranog nehr\u0111aju\u0107eg \u010delika<\/span><\/li>\n<li><span>Gumeni prsten na dnu za za\u0161titu od grebanja poda i deterd\u017eenata<\/span><\/li>\n<\/ul>\n<\/section>\n<section>\n<h2 class=\"product__section-title js_accordion_toggle is-open\">Tehni\u010dki podaci<\/h2>\n<div class=\"js_accordion_content\">\n<ul class=\"product__features\">\n<li>Materijal: \u010delik<\/li>\n<li>Boja: Crna<\/li>\n<li>Volumen (L): 40.0000<\/li>\n<li>Broj ladica: Da<\/li>\n<li>Visina (mm) : 785<\/li>\n<li>\u0160irina (mm) : 345<\/li>\n<li>Dubina (mm) : 345<\/li>\n<li>Promjer (mm) : 345<\/li>\n<\/ul>\n<p>&nbsp;<\/p>\n<p>&nbsp;<\/p>\n<p>Rok isporuke po narud\u017ebi 20 dana.<\/p>\n<p>Rok isporuke lager 2 dana.<\/p>\n<\/div>\n<\/section>\n<p>&nbsp;<\/p>\n","protected":false},"excerpt":{"rendered":"<p>KOLEKTOR Push 40L crni Opremljen tihim sifonom od nehr\u0111aju\u0107eg \u010delika s oprugom. Dr\u017ea\u010d vre\u0107ice dr\u017ei vre\u0107icu za sme\u0107e na mjestu i izvan pogleda. Gumeni rub oko donjeg ruba \u0161titi od ogrebotina i kemikalija Proizvod\u00a0 Otvaraju se i automatski zatvaraju pomo\u0107u oja\u010danih Push vrata od poliranog nehr\u0111aju\u0107eg \u010delika Gumeni prsten na dnu za za\u0161titu od grebanja [&hellip;]<\/p>\n","protected":false},"featured_media":69894,"template":"","meta":{"_acf_changed":false},"product_brand":[],"product_cat":[320],"product_tag":[],"class_list":{"0":"post-69892","1":"product","2":"type-product","3":"status-publish","4":"has-post-thumbnail","6":"product_cat-kosevi-za-sobe","8":"first","9":"onbackorder","10":"sale","11":"taxable","12":"shipping-taxable","13":"purchasable","14":"product-type-simple"},"acf":[],"_links":{"self":[{"href":"https:\/\/adhotelskaoprema.com\/en\/wp-json\/wp\/v2\/product\/69892","targetHints":{"allow":["GET"]}}],"collection":[{"href":"https:\/\/adhotelskaoprema.com\/en\/wp-json\/wp\/v2\/product"}],"about":[{"href":"https:\/\/adhotelskaoprema.com\/en\/wp-json\/wp\/v2\/types\/product"}],"wp:featuredmedia":[{"embeddable":true,"href":"https:\/\/adhotelskaoprema.com\/en\/wp-json\/wp\/v2\/media\/69894"}],"wp:attachment":[{"href":"https:\/\/adhotelskaoprema.com\/en\/wp-json\/wp\/v2\/media?parent=69892"}],"wp:term":[{"taxonomy":"product_brand","embeddable":true,"href":"https:\/\/adhotelskaoprema.com\/en\/wp-json\/wp\/v2\/product_brand?post=69892"},{"taxonomy":"product_cat","embeddable":true,"href":"https:\/\/adhotelskaoprema.com\/en\/wp-json\/wp\/v2\/product_cat?post=69892"},{"taxonomy":"product_tag","embeddable":true,"href":"https:\/\/adhotelskaoprema.com\/en\/wp-json\/wp\/v2\/product_tag?post=69892"}],"curies":[{"name":"wp","href":"https:\/\/api.w.org\/{rel}","templated":true}]}}