{"id":69876,"date":"2025-01-13T13:14:07","date_gmt":"2025-01-13T12:14:07","guid":{"rendered":"https:\/\/adhotelskaoprema.com\/?post_type=product&#038;p=69876"},"modified":"2025-01-17T11:31:56","modified_gmt":"2025-01-17T10:31:56","slug":"kanta-za-reciklazu-40l-s-s-mat","status":"publish","type":"product","link":"https:\/\/adhotelskaoprema.com\/en\/proizvod\/kanta-za-reciklazu-40l-s-s-mat\/","title":{"rendered":"Kanta za recikla\u017eu 40L S\/S mat"},"content":{"rendered":"<p>KOLEKTOR 40L od bru\u0161enog nehr\u0111aju\u0107eg \u010delika s 3 ladice uklju\u010duju\u0107i 2 odjeljka od 10L i 1 odjeljak od 20L.<\/p>\n<p>Spremnici se mogu ukloniti. Naljepnice za sortiranje uklju\u010dene.<\/p>\n<section class=\"product__argu\">\n<h2 class=\"product__argu__title\">Proizvod<\/h2>\n<ul class=\"product__argu__list\">\n<li>Kompaktno rje\u0161enje za sortiranje (uredi i spava\u0107e sobe)<\/li>\n<li>3 odvojiva odjeljka od pocin\u010danog \u010delika<\/li>\n<li>Lako se prazni<\/li>\n<li>Naljepnice uklju\u010dene<\/li>\n<\/ul>\n<\/section>\n<section>\n<h2 class=\"product__section-title js_accordion_toggle is-open\">Tehni\u010dki podaci<\/h2>\n<div class=\"js_accordion_content\">\n<ul class=\"product__features\">\n<li>Materijal: nehr\u0111aju\u0107i \u010delik<\/li>\n<li>Boja: Nehr\u0111aju\u0107i \u010delik<\/li>\n<li>Volumen (L): 40.0000<\/li>\n<li>Broj posuda: 3<\/li>\n<li>Visina (mm) : 470<\/li>\n<li>\u0160irina (mm) : 335<\/li>\n<li>Dubina (mm) : 335<\/li>\n<li>Promjer (mm) : 335<\/li>\n<\/ul>\n<\/div>\n<p>&nbsp;<\/p>\n<p>&nbsp;<\/p>\n<p>Rok isporuke po narud\u017ebi 20 dana.<\/p>\n<p>Rok isporuke lager 2 dana.<\/p>\n<\/section>\n","protected":false},"excerpt":{"rendered":"<p>KOLEKTOR 40L od bru\u0161enog nehr\u0111aju\u0107eg \u010delika s 3 ladice uklju\u010duju\u0107i 2 odjeljka od 10L i 1 odjeljak od 20L. Spremnici se mogu ukloniti. Naljepnice za sortiranje uklju\u010dene. Proizvod Kompaktno rje\u0161enje za sortiranje (uredi i spava\u0107e sobe) 3 odvojiva odjeljka od pocin\u010danog \u010delika Lako se prazni Naljepnice uklju\u010dene Tehni\u010dki podaci Materijal: nehr\u0111aju\u0107i \u010delik Boja: Nehr\u0111aju\u0107i \u010delik [&hellip;]<\/p>\n","protected":false},"featured_media":69858,"template":"","meta":{"_acf_changed":false},"product_brand":[],"product_cat":[319],"product_tag":[],"class_list":{"0":"post-69876","1":"product","2":"type-product","3":"status-publish","4":"has-post-thumbnail","6":"product_cat-kosevi-za-sortiranje-otpada","8":"first","9":"onbackorder","10":"sale","11":"taxable","12":"shipping-taxable","13":"purchasable","14":"product-type-simple"},"acf":[],"_links":{"self":[{"href":"https:\/\/adhotelskaoprema.com\/en\/wp-json\/wp\/v2\/product\/69876","targetHints":{"allow":["GET"]}}],"collection":[{"href":"https:\/\/adhotelskaoprema.com\/en\/wp-json\/wp\/v2\/product"}],"about":[{"href":"https:\/\/adhotelskaoprema.com\/en\/wp-json\/wp\/v2\/types\/product"}],"wp:featuredmedia":[{"embeddable":true,"href":"https:\/\/adhotelskaoprema.com\/en\/wp-json\/wp\/v2\/media\/69858"}],"wp:attachment":[{"href":"https:\/\/adhotelskaoprema.com\/en\/wp-json\/wp\/v2\/media?parent=69876"}],"wp:term":[{"taxonomy":"product_brand","embeddable":true,"href":"https:\/\/adhotelskaoprema.com\/en\/wp-json\/wp\/v2\/product_brand?post=69876"},{"taxonomy":"product_cat","embeddable":true,"href":"https:\/\/adhotelskaoprema.com\/en\/wp-json\/wp\/v2\/product_cat?post=69876"},{"taxonomy":"product_tag","embeddable":true,"href":"https:\/\/adhotelskaoprema.com\/en\/wp-json\/wp\/v2\/product_tag?post=69876"}],"curies":[{"name":"wp","href":"https:\/\/api.w.org\/{rel}","templated":true}]}}