{"id":69875,"date":"2025-01-13T13:08:58","date_gmt":"2025-01-13T12:08:58","guid":{"rendered":"https:\/\/adhotelskaoprema.com\/?post_type=product&#038;p=69875"},"modified":"2025-01-17T11:31:56","modified_gmt":"2025-01-17T10:31:56","slug":"kanta-za-razvrstavanje-otpada-60l-mat","status":"publish","type":"product","link":"https:\/\/adhotelskaoprema.com\/en\/proizvod\/kanta-za-razvrstavanje-otpada-60l-mat\/","title":{"rendered":"Kanta za razvrstavanje otpada 60L\/ mat"},"content":{"rendered":"<p>KOLEKTOR 60L od bru\u0161enog nehr\u0111aju\u0107eg \u010delika s 3 kante uklju\u010duju\u0107i 2 odjeljka od 15L i 1 odjeljak od 30L.<\/p>\n<p>Kante su skidive i izra\u0111ene su od pocin\u010danog \u010delika. Osigurane naljepnice za razvrstavanje.<\/p>\n<p>&nbsp;<\/p>\n<section class=\"product__argu\">\n<h2 class=\"product__argu__title\">Proizvod<\/h2>\n<ul class=\"product__argu__list\">\n<li>Kompaktno rje\u0161enje za sortiranje<\/li>\n<li>Lako se prazni sa svoja 3 odvojiva odjeljka od pocin\u010danog \u010delika<\/li>\n<li>Uklju\u010dene naljepnice za identifikaciju svrhe svakog spremnika<\/li>\n<\/ul>\n<\/section>\n<section>\n<h2 class=\"product__section-title js_accordion_toggle is-open\">Tehni\u010dki podaci<\/h2>\n<div class=\"js_accordion_content\">\n<ul class=\"product__features\">\n<li>Materijal: nehr\u0111aju\u0107i \u010delik<\/li>\n<li>Boja: Nehr\u0111aju\u0107i \u010delik<\/li>\n<li>Volumen (L): 60.0000<\/li>\n<li>Broj posuda: 3<\/li>\n<li>Visina (mm) : 670<\/li>\n<li>\u00a0\u0160irina (mm) : 355<\/li>\n<li>Dubina (mm) : 355<\/li>\n<li>\u00a0Promjer (mm) : 355<\/li>\n<\/ul>\n<\/div>\n<\/section>\n<h2 class=\"product__section-title js_accordion_toggle\"><\/h2>\n<p>&nbsp;<\/p>\n<p>Rok isporuke po narud\u017ebi 20 dana.<\/p>\n<p>Rok isporuke lager 2 dana.<\/p>\n","protected":false},"excerpt":{"rendered":"<p>KOLEKTOR 60L od bru\u0161enog nehr\u0111aju\u0107eg \u010delika s 3 kante uklju\u010duju\u0107i 2 odjeljka od 15L i 1 odjeljak od 30L. Kante su skidive i izra\u0111ene su od pocin\u010danog \u010delika. Osigurane naljepnice za razvrstavanje. &nbsp; Proizvod Kompaktno rje\u0161enje za sortiranje Lako se prazni sa svoja 3 odvojiva odjeljka od pocin\u010danog \u010delika Uklju\u010dene naljepnice za identifikaciju svrhe svakog [&hellip;]<\/p>\n","protected":false},"featured_media":69870,"template":"","meta":{"_acf_changed":false},"product_brand":[],"product_cat":[319],"product_tag":[],"class_list":{"0":"post-69875","1":"product","2":"type-product","3":"status-publish","4":"has-post-thumbnail","6":"product_cat-kosevi-za-sortiranje-otpada","8":"first","9":"onbackorder","10":"sale","11":"taxable","12":"shipping-taxable","13":"purchasable","14":"product-type-simple"},"acf":[],"_links":{"self":[{"href":"https:\/\/adhotelskaoprema.com\/en\/wp-json\/wp\/v2\/product\/69875","targetHints":{"allow":["GET"]}}],"collection":[{"href":"https:\/\/adhotelskaoprema.com\/en\/wp-json\/wp\/v2\/product"}],"about":[{"href":"https:\/\/adhotelskaoprema.com\/en\/wp-json\/wp\/v2\/types\/product"}],"wp:featuredmedia":[{"embeddable":true,"href":"https:\/\/adhotelskaoprema.com\/en\/wp-json\/wp\/v2\/media\/69870"}],"wp:attachment":[{"href":"https:\/\/adhotelskaoprema.com\/en\/wp-json\/wp\/v2\/media?parent=69875"}],"wp:term":[{"taxonomy":"product_brand","embeddable":true,"href":"https:\/\/adhotelskaoprema.com\/en\/wp-json\/wp\/v2\/product_brand?post=69875"},{"taxonomy":"product_cat","embeddable":true,"href":"https:\/\/adhotelskaoprema.com\/en\/wp-json\/wp\/v2\/product_cat?post=69875"},{"taxonomy":"product_tag","embeddable":true,"href":"https:\/\/adhotelskaoprema.com\/en\/wp-json\/wp\/v2\/product_tag?post=69875"}],"curies":[{"name":"wp","href":"https:\/\/api.w.org\/{rel}","templated":true}]}}