{"id":69779,"date":"2025-01-10T12:46:52","date_gmt":"2025-01-10T11:46:52","guid":{"rendered":"https:\/\/adhotelskaoprema.com\/?post_type=product&#038;p=69779"},"modified":"2025-01-13T09:11:06","modified_gmt":"2025-01-13T08:11:06","slug":"zidna-pepeljara-15-l","status":"publish","type":"product","link":"https:\/\/adhotelskaoprema.com\/en\/proizvod\/zidna-pepeljara-15-l\/","title":{"rendered":"Zidna pepeljara 1,5 L"},"content":{"rendered":"<p>Zidna pepeljara 1.5L. Pocin\u010dana vanjska i pocin\u010dana unutarnja posuda.<\/p>\n<p>Prilo\u017een je komplet za zidnu monta\u017eu.<\/p>\n<p>Kapacitet ove pepeljare je oko 1502 opu\u0161aka.<\/p>\n<p>&nbsp;<\/p>\n<section class=\"product__argu\">\n<h2 class=\"product__argu__title\">Proizvod<\/h2>\n<ul class=\"product__argu__list\">\n<li>Dizajniran za vanjsku upotrebu<\/li>\n<li>Za\u0161ti\u0107en od ki\u0161e<\/li>\n<li>Brzo i jednostavno pra\u017enjenje<\/li>\n<li>Glatka povr\u0161ina koja se lako \u010disti<\/li>\n<\/ul>\n<\/section>\n<section>\n<h2 class=\"product__section-title js_accordion_toggle is-open\">Tehni\u010dki podaci<\/h2>\n<div class=\"js_accordion_content\">\n<ul class=\"product__features\">\n<li>Materijal: pocin\u010dani \u010delik<\/li>\n<li>Boja: Crna<\/li>\n<li>Volumen (L) : 1.5000<\/li>\n<li>UV otpornost: Da<\/li>\n<li>Ponderirana baza (kg) : 0,0000<\/li>\n<li>Klju\u010d zaklju\u010dan: Da<\/li>\n<li>Kapacitet (broj kundaka): 450<\/li>\n<li>Visina (mm) : 255<\/li>\n<li>\u0160irina (mm) : 152<\/li>\n<li>Dubina (mm) : 64<\/li>\n<\/ul>\n<\/div>\n<\/section>\n<p>&nbsp;<\/p>\n<p>Rok isporuke po narud\u017ebi 20 dana.<\/p>\n<p>Rok isporuke lager 2 dana.<\/p>\n","protected":false},"excerpt":{"rendered":"<p>Zidna pepeljara 1.5L. Pocin\u010dana vanjska i pocin\u010dana unutarnja posuda. Prilo\u017een je komplet za zidnu monta\u017eu. Kapacitet ove pepeljare je oko 1502 opu\u0161aka. &nbsp; Proizvod Dizajniran za vanjsku upotrebu Za\u0161ti\u0107en od ki\u0161e Brzo i jednostavno pra\u017enjenje Glatka povr\u0161ina koja se lako \u010disti Tehni\u010dki podaci Materijal: pocin\u010dani \u010delik Boja: Crna Volumen (L) : 1.5000 UV otpornost: Da [&hellip;]<\/p>\n","protected":false},"featured_media":69782,"template":"","meta":{"_acf_changed":false},"product_brand":[],"product_cat":[318],"product_tag":[],"class_list":{"0":"post-69779","1":"product","2":"type-product","3":"status-publish","4":"has-post-thumbnail","6":"product_cat-pepeljara-za-javni-prostor","8":"first","9":"onbackorder","10":"sale","11":"taxable","12":"shipping-taxable","13":"purchasable","14":"product-type-simple"},"acf":[],"_links":{"self":[{"href":"https:\/\/adhotelskaoprema.com\/en\/wp-json\/wp\/v2\/product\/69779","targetHints":{"allow":["GET"]}}],"collection":[{"href":"https:\/\/adhotelskaoprema.com\/en\/wp-json\/wp\/v2\/product"}],"about":[{"href":"https:\/\/adhotelskaoprema.com\/en\/wp-json\/wp\/v2\/types\/product"}],"wp:featuredmedia":[{"embeddable":true,"href":"https:\/\/adhotelskaoprema.com\/en\/wp-json\/wp\/v2\/media\/69782"}],"wp:attachment":[{"href":"https:\/\/adhotelskaoprema.com\/en\/wp-json\/wp\/v2\/media?parent=69779"}],"wp:term":[{"taxonomy":"product_brand","embeddable":true,"href":"https:\/\/adhotelskaoprema.com\/en\/wp-json\/wp\/v2\/product_brand?post=69779"},{"taxonomy":"product_cat","embeddable":true,"href":"https:\/\/adhotelskaoprema.com\/en\/wp-json\/wp\/v2\/product_cat?post=69779"},{"taxonomy":"product_tag","embeddable":true,"href":"https:\/\/adhotelskaoprema.com\/en\/wp-json\/wp\/v2\/product_tag?post=69779"}],"curies":[{"name":"wp","href":"https:\/\/api.w.org\/{rel}","templated":true}]}}