{"id":69728,"date":"2025-01-10T11:13:19","date_gmt":"2025-01-10T10:13:19","guid":{"rendered":"https:\/\/adhotelskaoprema.com\/?post_type=product&#038;p=69728"},"modified":"2025-01-13T09:11:55","modified_gmt":"2025-01-13T08:11:55","slug":"pepeljara-3l-kanta-29l","status":"publish","type":"product","link":"https:\/\/adhotelskaoprema.com\/en\/proizvod\/pepeljara-3l-kanta-29l\/","title":{"rendered":"Pepeljara 3L &#038; kanta 29L"},"content":{"rendered":"<section><\/section>\n<section><\/section>\n<section><\/section>\n<section class=\"product__argu\">Pepeljara 3L sa posudom kapaciteta 29L.<\/section>\n<section class=\"product__argu\">Prikladno za vanjsku upotrebu (pocin\u010dani \u010delik).<\/section>\n<section class=\"product__argu\">Unutarnji pladanj je od cinka. Prilo\u017een je komplet za podnu monta\u017eu.<\/section>\n<section class=\"product__argu\">Kapacitet ove pepeljare je oko 900 opu\u0161aka.<\/p>\n<h2 class=\"product__argu__title\">Proizvod<\/h2>\n<ul class=\"product__argu__list\">\n<li>Dizajniran za vanjsku upotrebu<\/li>\n<li>Za\u0161ti\u0107en od lo\u0161eg vremena<\/li>\n<li>Brzo i jednostavno pra\u017enjenje<\/li>\n<\/ul>\n<\/section>\n<section>\n<h2 class=\"product__section-title js_accordion_toggle is-open\">Tehni\u010dki podaci<\/h2>\n<div class=\"js_accordion_content\">\n<ul class=\"product__features\">\n<li>Materijal: pocin\u010dani \u010delik<\/li>\n<li>Boja: Crna<\/li>\n<li>Volumen (L): 32.0000<\/li>\n<li>UV otpornost: Da<\/li>\n<li>Ponderirana baza (kg) : 0,0000<\/li>\n<li>Klju\u010d zaklju\u010dan: Da<\/li>\n<li>Kapacitet (broj kundaka): 900<\/li>\n<li>Visina (mm) : 990<\/li>\n<li>\u00a0\u0160irina (mm) : 300<\/li>\n<li>\u00a0Dubina (mm) : 250<\/li>\n<\/ul>\n<\/div>\n<\/section>\n<p>&nbsp;<\/p>\n<p>&nbsp;<\/p>\n<p>Rok isporuke po narud\u017ebi 20 dana.<\/p>\n<p>Rok isporuke lager 2 dana.<\/p>\n","protected":false},"excerpt":{"rendered":"<p>Pepeljara 3L sa posudom kapaciteta 29L. Prikladno za vanjsku upotrebu (pocin\u010dani \u010delik). Unutarnji pladanj je od cinka. Prilo\u017een je komplet za podnu monta\u017eu. Kapacitet ove pepeljare je oko 900 opu\u0161aka. Proizvod Dizajniran za vanjsku upotrebu Za\u0161ti\u0107en od lo\u0161eg vremena Brzo i jednostavno pra\u017enjenje Tehni\u010dki podaci Materijal: pocin\u010dani \u010delik Boja: Crna Volumen (L): 32.0000 UV otpornost: [&hellip;]<\/p>\n","protected":false},"featured_media":69733,"template":"","meta":{"_acf_changed":false},"product_brand":[],"product_cat":[318],"product_tag":[],"class_list":{"0":"post-69728","1":"product","2":"type-product","3":"status-publish","4":"has-post-thumbnail","6":"product_cat-pepeljara-za-javni-prostor","8":"first","9":"onbackorder","10":"sale","11":"taxable","12":"shipping-taxable","13":"purchasable","14":"product-type-simple"},"acf":[],"_links":{"self":[{"href":"https:\/\/adhotelskaoprema.com\/en\/wp-json\/wp\/v2\/product\/69728","targetHints":{"allow":["GET"]}}],"collection":[{"href":"https:\/\/adhotelskaoprema.com\/en\/wp-json\/wp\/v2\/product"}],"about":[{"href":"https:\/\/adhotelskaoprema.com\/en\/wp-json\/wp\/v2\/types\/product"}],"wp:featuredmedia":[{"embeddable":true,"href":"https:\/\/adhotelskaoprema.com\/en\/wp-json\/wp\/v2\/media\/69733"}],"wp:attachment":[{"href":"https:\/\/adhotelskaoprema.com\/en\/wp-json\/wp\/v2\/media?parent=69728"}],"wp:term":[{"taxonomy":"product_brand","embeddable":true,"href":"https:\/\/adhotelskaoprema.com\/en\/wp-json\/wp\/v2\/product_brand?post=69728"},{"taxonomy":"product_cat","embeddable":true,"href":"https:\/\/adhotelskaoprema.com\/en\/wp-json\/wp\/v2\/product_cat?post=69728"},{"taxonomy":"product_tag","embeddable":true,"href":"https:\/\/adhotelskaoprema.com\/en\/wp-json\/wp\/v2\/product_tag?post=69728"}],"curies":[{"name":"wp","href":"https:\/\/api.w.org\/{rel}","templated":true}]}}