{"id":69678,"date":"2025-01-09T14:44:50","date_gmt":"2025-01-09T13:44:50","guid":{"rendered":"https:\/\/adhotelskaoprema.com\/?post_type=product&#038;p=69678"},"modified":"2025-01-13T10:48:01","modified_gmt":"2025-01-13T09:48:01","slug":"orchestro-sachet-drzac-crne-boje","status":"publish","type":"product","link":"https:\/\/adhotelskaoprema.com\/en\/proizvod\/orchestro-sachet-drzac-crne-boje\/","title":{"rendered":"Orkestar dr\u017ea\u010d za vre\u0107ice crne boje"},"content":{"rendered":"<section class=\"product__argu\">\n<h2 class=\"product__argu__title\">Proizvod<\/h2>\n<ul class=\"product__argu__list\">\n<li>Podesiva<\/li>\n<li>Jednostavan za \u010di\u0161\u0107enje<\/li>\n<li>Mo\u017ee primiti aparat za espresso i\/ili kuhalo za vodu<\/li>\n<\/ul>\n<\/section>\n<section>\n<h2 class=\"product__section-title js_accordion_toggle is-open\">Tehni\u010dki podaci<\/h2>\n<div class=\"js_accordion_content\">\n<ul class=\"product__features\">\n<li>Materijal: Melamin<\/li>\n<li>Boja: Crna<\/li>\n<li>Otporan na vodu: Da<\/li>\n<li>Visina (mm) : 30<\/li>\n<li>\u00a0\u0160irina (mm) : 120<\/li>\n<li>Dubina (mm) : 70<\/li>\n<\/ul>\n<\/div>\n<\/section>\n<p>&nbsp;<\/p>\n<p>&nbsp;<\/p>\n<p>Rok isporuke po narud\u017ebi 20 dana.<\/p>\n<p>Rok isporuke lager 2 dana.<\/p>\n","protected":false},"excerpt":{"rendered":"<p>Proizvod Podesiva Jednostavan za \u010di\u0161\u0107enje Mo\u017ee primiti aparat za espresso i\/ili kuhalo za vodu Tehni\u010dki podaci Materijal: Melamin Boja: Crna Otporan na vodu: Da Visina (mm) : 30 \u00a0\u0160irina (mm) : 120 Dubina (mm) : 70 &nbsp; &nbsp; Rok isporuke po narud\u017ebi 20 dana. Rok isporuke lager 2 dana.<\/p>\n","protected":false},"featured_media":69679,"template":"","meta":{"_acf_changed":false},"product_brand":[],"product_cat":[317],"product_tag":[],"class_list":{"0":"post-69678","1":"product","2":"type-product","3":"status-publish","4":"has-post-thumbnail","6":"product_cat-pladnjevi-od-melanina","8":"first","9":"onbackorder","10":"sale","11":"taxable","12":"shipping-taxable","13":"purchasable","14":"product-type-simple"},"acf":[],"_links":{"self":[{"href":"https:\/\/adhotelskaoprema.com\/en\/wp-json\/wp\/v2\/product\/69678","targetHints":{"allow":["GET"]}}],"collection":[{"href":"https:\/\/adhotelskaoprema.com\/en\/wp-json\/wp\/v2\/product"}],"about":[{"href":"https:\/\/adhotelskaoprema.com\/en\/wp-json\/wp\/v2\/types\/product"}],"wp:featuredmedia":[{"embeddable":true,"href":"https:\/\/adhotelskaoprema.com\/en\/wp-json\/wp\/v2\/media\/69679"}],"wp:attachment":[{"href":"https:\/\/adhotelskaoprema.com\/en\/wp-json\/wp\/v2\/media?parent=69678"}],"wp:term":[{"taxonomy":"product_brand","embeddable":true,"href":"https:\/\/adhotelskaoprema.com\/en\/wp-json\/wp\/v2\/product_brand?post=69678"},{"taxonomy":"product_cat","embeddable":true,"href":"https:\/\/adhotelskaoprema.com\/en\/wp-json\/wp\/v2\/product_cat?post=69678"},{"taxonomy":"product_tag","embeddable":true,"href":"https:\/\/adhotelskaoprema.com\/en\/wp-json\/wp\/v2\/product_tag?post=69678"}],"curies":[{"name":"wp","href":"https:\/\/api.w.org\/{rel}","templated":true}]}}