{"id":69614,"date":"2025-01-09T11:32:59","date_gmt":"2025-01-09T10:32:59","guid":{"rendered":"https:\/\/adhotelskaoprema.com\/?post_type=product&#038;p=69614"},"modified":"2025-01-13T10:51:19","modified_gmt":"2025-01-13T09:51:19","slug":"crni-pladanj-zenline-s-rupom","status":"publish","type":"product","link":"https:\/\/adhotelskaoprema.com\/en\/proizvod\/crni-pladanj-zenline-s-rupom\/","title":{"rendered":"Crni pladanj ZenLine s rupom"},"content":{"rendered":"<section class=\"product__argu\">\n<h2 class=\"product__argu__title\">Proizvod<\/h2>\n<ul class=\"product__argu__list\">\n<li>Otporan na gorenje<\/li>\n<li>Zavr\u0161na obrada protiv mrlja<\/li>\n<\/ul>\n<\/section>\n<section>\n<h2 class=\"product__section-title js_accordion_toggle is-open\">Tehni\u010dki podaci<\/h2>\n<div class=\"js_accordion_content\">\n<ul class=\"product__features\">\n<li>Materijal: Melamin<\/li>\n<li>Boja: crna<\/li>\n<li>Otporan na vodu: Da<\/li>\n<li>Visina (mm) : 24<\/li>\n<li>\u0160irina (mm) : 377<\/li>\n<li>Dubina (mm) : 297<\/li>\n<\/ul>\n<p>&nbsp;<\/p>\n<p>&nbsp;<\/p>\n<p>&nbsp;<\/p>\n<p>&nbsp;<\/p>\n<p>Rok isporuke po narud\u017ebi 20 dana.<\/p>\n<p>Rok isporuke lager 2 dana.<\/p>\n<\/div>\n<\/section>\n","protected":false},"excerpt":{"rendered":"<p>Proizvod Otporan na gorenje Zavr\u0161na obrada protiv mrlja Tehni\u010dki podaci Materijal: Melamin Boja: crna Otporan na vodu: Da Visina (mm) : 24 \u0160irina (mm) : 377 Dubina (mm) : 297 &nbsp; &nbsp; &nbsp; &nbsp; Rok isporuke po narud\u017ebi 20 dana. Rok isporuke lager 2 dana.<\/p>\n","protected":false},"featured_media":69616,"template":"","meta":{"_acf_changed":false},"product_brand":[],"product_cat":[317],"product_tag":[],"class_list":{"0":"post-69614","1":"product","2":"type-product","3":"status-publish","4":"has-post-thumbnail","6":"product_cat-pladnjevi-od-melanina","8":"first","9":"onbackorder","10":"sale","11":"taxable","12":"shipping-taxable","13":"purchasable","14":"product-type-simple"},"acf":[],"_links":{"self":[{"href":"https:\/\/adhotelskaoprema.com\/en\/wp-json\/wp\/v2\/product\/69614","targetHints":{"allow":["GET"]}}],"collection":[{"href":"https:\/\/adhotelskaoprema.com\/en\/wp-json\/wp\/v2\/product"}],"about":[{"href":"https:\/\/adhotelskaoprema.com\/en\/wp-json\/wp\/v2\/types\/product"}],"wp:featuredmedia":[{"embeddable":true,"href":"https:\/\/adhotelskaoprema.com\/en\/wp-json\/wp\/v2\/media\/69616"}],"wp:attachment":[{"href":"https:\/\/adhotelskaoprema.com\/en\/wp-json\/wp\/v2\/media?parent=69614"}],"wp:term":[{"taxonomy":"product_brand","embeddable":true,"href":"https:\/\/adhotelskaoprema.com\/en\/wp-json\/wp\/v2\/product_brand?post=69614"},{"taxonomy":"product_cat","embeddable":true,"href":"https:\/\/adhotelskaoprema.com\/en\/wp-json\/wp\/v2\/product_cat?post=69614"},{"taxonomy":"product_tag","embeddable":true,"href":"https:\/\/adhotelskaoprema.com\/en\/wp-json\/wp\/v2\/product_tag?post=69614"}],"curies":[{"name":"wp","href":"https:\/\/api.w.org\/{rel}","templated":true}]}}