{"id":69517,"date":"2025-01-07T18:17:17","date_gmt":"2025-01-07T17:17:17","guid":{"rendered":"https:\/\/adhotelskaoprema.com\/?post_type=product&#038;p=69517"},"modified":"2025-01-13T10:57:30","modified_gmt":"2025-01-13T09:57:30","slug":"drzac-za-vrecice-od-bambusa","status":"publish","type":"product","link":"https:\/\/adhotelskaoprema.com\/en\/proizvod\/drzac-za-vrecice-od-bambusa\/","title":{"rendered":"Dr\u017ea\u010d za vre\u0107ice od bambusa"},"content":{"rendered":"<section class=\"product__argu\">\n<h2 class=\"product__argu__title\">Proizvod<\/h2>\n<ul class=\"product__argu__list\">\n<li>3 odgovaraju\u0107a proizvoda: poslu\u017eavnik, mali poslu\u017eavnik i dr\u017ea\u010d za vre\u0107ice<\/li>\n<li>Funkcionalan<\/li>\n<li>Jednostavan za \u010di\u0161\u0107enje<\/li>\n<\/ul>\n<\/section>\n<section>\n<h2 class=\"product__section-title js_accordion_toggle is-open\">Tehni\u010dki podaci<\/h2>\n<div class=\"js_accordion_content\">\n<ul class=\"product__features\">\n<li>Materijal: Bambus<\/li>\n<li>Boja: drvo<\/li>\n<li>Otporan na vodu: Da<\/li>\n<li>Visina (mm) : 50<\/li>\n<li>\u00a0\u0160irina (mm) : 150<\/li>\n<li>Dubina (mm) : 100<\/li>\n<\/ul>\n<\/div>\n<p>&nbsp;<\/p>\n<p>Rok isporuke po narud\u017ebi 20 dana.<\/p>\n<p>Rok isporuke lager 2 dana.<\/p>\n<\/section>\n","protected":false},"excerpt":{"rendered":"<p>Proizvod 3 odgovaraju\u0107a proizvoda: poslu\u017eavnik, mali poslu\u017eavnik i dr\u017ea\u010d za vre\u0107ice Funkcionalan Jednostavan za \u010di\u0161\u0107enje Tehni\u010dki podaci Materijal: Bambus Boja: drvo Otporan na vodu: Da Visina (mm) : 50 \u00a0\u0160irina (mm) : 150 Dubina (mm) : 100 &nbsp; Rok isporuke po narud\u017ebi 20 dana. Rok isporuke lager 2 dana.<\/p>\n","protected":false},"featured_media":69524,"template":"","meta":{"_acf_changed":false},"product_brand":[],"product_cat":[315],"product_tag":[],"class_list":{"0":"post-69517","1":"product","2":"type-product","3":"status-publish","4":"has-post-thumbnail","6":"product_cat-drveni","8":"first","9":"onbackorder","10":"sale","11":"taxable","12":"shipping-taxable","13":"purchasable","14":"product-type-simple"},"acf":[],"_links":{"self":[{"href":"https:\/\/adhotelskaoprema.com\/en\/wp-json\/wp\/v2\/product\/69517","targetHints":{"allow":["GET"]}}],"collection":[{"href":"https:\/\/adhotelskaoprema.com\/en\/wp-json\/wp\/v2\/product"}],"about":[{"href":"https:\/\/adhotelskaoprema.com\/en\/wp-json\/wp\/v2\/types\/product"}],"wp:featuredmedia":[{"embeddable":true,"href":"https:\/\/adhotelskaoprema.com\/en\/wp-json\/wp\/v2\/media\/69524"}],"wp:attachment":[{"href":"https:\/\/adhotelskaoprema.com\/en\/wp-json\/wp\/v2\/media?parent=69517"}],"wp:term":[{"taxonomy":"product_brand","embeddable":true,"href":"https:\/\/adhotelskaoprema.com\/en\/wp-json\/wp\/v2\/product_brand?post=69517"},{"taxonomy":"product_cat","embeddable":true,"href":"https:\/\/adhotelskaoprema.com\/en\/wp-json\/wp\/v2\/product_cat?post=69517"},{"taxonomy":"product_tag","embeddable":true,"href":"https:\/\/adhotelskaoprema.com\/en\/wp-json\/wp\/v2\/product_tag?post=69517"}],"curies":[{"name":"wp","href":"https:\/\/api.w.org\/{rel}","templated":true}]}}