{"id":69510,"date":"2025-01-07T17:59:12","date_gmt":"2025-01-07T16:59:12","guid":{"rendered":"https:\/\/adhotelskaoprema.com\/?post_type=product&#038;p=69510"},"modified":"2025-01-13T10:58:25","modified_gmt":"2025-01-13T09:58:25","slug":"pladanj-majestic-od-bambusa","status":"publish","type":"product","link":"https:\/\/adhotelskaoprema.com\/en\/proizvod\/pladanj-majestic-od-bambusa\/","title":{"rendered":"Pladanj Majestic od bambusa"},"content":{"rendered":"<section class=\"product__argu\">\n<h2 class=\"product__argu__title\">Proizvod<\/h2>\n<ul class=\"product__argu__list\">\n<li>Ekolo\u0161ki prihvatljiv bambusov materijal za o\u010duvanje \u0161uma<\/li>\n<li>Robustan<\/li>\n<li>2 ru\u010dke<\/li>\n<li>Integrirani otvori za vre\u0107ice<\/li>\n<li>Jednostavan za \u010di\u0161\u0107enje<\/li>\n<\/ul>\n<\/section>\n<section>\n<h2 class=\"product__section-title js_accordion_toggle is-open\">Tehni\u010dki podaci<\/h2>\n<div class=\"js_accordion_content\">\n<ul class=\"product__features\">\n<li>Materijal: Bambus<\/li>\n<li>Boja: drvo<\/li>\n<li>Otporan na vodu: Da<\/li>\n<li>Visina (mm) : 20<\/li>\n<li>\u0160irina (mm) : 360<\/li>\n<li>Dubina (mm) : 220<\/li>\n<\/ul>\n<p>&nbsp;<\/p>\n<p>Rok isporuke po narud\u017ebi 20 dana.<\/p>\n<p>Rok isporuke lager 2 dana.<\/p>\n<\/div>\n<\/section>\n","protected":false},"excerpt":{"rendered":"<p>Proizvod Ekolo\u0161ki prihvatljiv bambusov materijal za o\u010duvanje \u0161uma Robustan 2 ru\u010dke Integrirani otvori za vre\u0107ice Jednostavan za \u010di\u0161\u0107enje Tehni\u010dki podaci Materijal: Bambus Boja: drvo Otporan na vodu: Da Visina (mm) : 20 \u0160irina (mm) : 360 Dubina (mm) : 220 &nbsp; Rok isporuke po narud\u017ebi 20 dana. Rok isporuke lager 2 dana.<\/p>\n","protected":false},"featured_media":69511,"template":"","meta":{"_acf_changed":false},"product_brand":[],"product_cat":[315],"product_tag":[],"class_list":{"0":"post-69510","1":"product","2":"type-product","3":"status-publish","4":"has-post-thumbnail","6":"product_cat-drveni","8":"first","9":"onbackorder","10":"sale","11":"taxable","12":"shipping-taxable","13":"purchasable","14":"product-type-simple"},"acf":[],"_links":{"self":[{"href":"https:\/\/adhotelskaoprema.com\/en\/wp-json\/wp\/v2\/product\/69510","targetHints":{"allow":["GET"]}}],"collection":[{"href":"https:\/\/adhotelskaoprema.com\/en\/wp-json\/wp\/v2\/product"}],"about":[{"href":"https:\/\/adhotelskaoprema.com\/en\/wp-json\/wp\/v2\/types\/product"}],"wp:featuredmedia":[{"embeddable":true,"href":"https:\/\/adhotelskaoprema.com\/en\/wp-json\/wp\/v2\/media\/69511"}],"wp:attachment":[{"href":"https:\/\/adhotelskaoprema.com\/en\/wp-json\/wp\/v2\/media?parent=69510"}],"wp:term":[{"taxonomy":"product_brand","embeddable":true,"href":"https:\/\/adhotelskaoprema.com\/en\/wp-json\/wp\/v2\/product_brand?post=69510"},{"taxonomy":"product_cat","embeddable":true,"href":"https:\/\/adhotelskaoprema.com\/en\/wp-json\/wp\/v2\/product_cat?post=69510"},{"taxonomy":"product_tag","embeddable":true,"href":"https:\/\/adhotelskaoprema.com\/en\/wp-json\/wp\/v2\/product_tag?post=69510"}],"curies":[{"name":"wp","href":"https:\/\/api.w.org\/{rel}","templated":true}]}}