{"id":69492,"date":"2025-01-07T17:35:23","date_gmt":"2025-01-07T16:35:23","guid":{"rendered":"https:\/\/adhotelskaoprema.com\/?post_type=product&#038;p=69492"},"modified":"2025-04-15T09:51:56","modified_gmt":"2025-04-15T07:51:56","slug":"mala-ladica-charme","status":"publish","type":"product","link":"https:\/\/adhotelskaoprema.com\/en\/proizvod\/mala-ladica-charme\/","title":{"rendered":"Mala ladica Charme"},"content":{"rendered":"<section class=\"product__argu\">\n<h2 class=\"product__argu__title\">Proizvod<\/h2>\n<ul class=\"product__argu__list\">\n<li>Ru\u010dno izra\u0111ena umjetna ko\u017ea izra\u0111ena u razli\u010dite oblike koji odi\u0161u klasi, luksuzom i bezvremenskim stilom<\/li>\n<\/ul>\n<\/section>\n<section>\n<h2 class=\"product__section-title js_accordion_toggle is-open\">Tehni\u010dki podaci<\/h2>\n<div class=\"js_accordion_content\">\n<ul class=\"product__features\">\n<li>Materijal: umjetna ko\u017ea<\/li>\n<li>Boja: Crna<\/li>\n<li>Otporan na vodu: Da<\/li>\n<li>Visina (mm) : 70<\/li>\n<li>\u0160irina (mm) : 300<\/li>\n<li>Dubina (mm) : 200<\/li>\n<\/ul>\n<\/div>\n<\/section>\n<p>&nbsp;<\/p>\n<p>&nbsp;<\/p>\n<p>&nbsp;<\/p>\n<section>\n<div class=\"js_accordion_content\">\n<p>Rok isporuke po narud\u017ebi 20 dana.<\/p>\n<p>Rok isporuke lager 2 dana.<\/p>\n<\/div>\n<\/section>\n","protected":false},"excerpt":{"rendered":"<p>Proizvod Ru\u010dno izra\u0111ena umjetna ko\u017ea izra\u0111ena u razli\u010dite oblike koji odi\u0161u klasi, luksuzom i bezvremenskim stilom Tehni\u010dki podaci Materijal: umjetna ko\u017ea Boja: Crna Otporan na vodu: Da Visina (mm) : 70 \u0160irina (mm) : 300 Dubina (mm) : 200 &nbsp; &nbsp; &nbsp; Rok isporuke po narud\u017ebi 20 dana. Rok isporuke lager 2 dana.<\/p>\n","protected":false},"featured_media":69494,"template":"","meta":{"_acf_changed":false},"product_brand":[],"product_cat":[341,316],"product_tag":[],"class_list":{"0":"post-69492","1":"product","2":"type-product","3":"status-publish","4":"has-post-thumbnail","6":"product_cat-kolekcija-charme","7":"product_cat-kozni","9":"first","10":"outofstock","11":"sale","12":"taxable","13":"shipping-taxable","14":"purchasable","15":"product-type-simple"},"acf":[],"_links":{"self":[{"href":"https:\/\/adhotelskaoprema.com\/en\/wp-json\/wp\/v2\/product\/69492","targetHints":{"allow":["GET"]}}],"collection":[{"href":"https:\/\/adhotelskaoprema.com\/en\/wp-json\/wp\/v2\/product"}],"about":[{"href":"https:\/\/adhotelskaoprema.com\/en\/wp-json\/wp\/v2\/types\/product"}],"wp:featuredmedia":[{"embeddable":true,"href":"https:\/\/adhotelskaoprema.com\/en\/wp-json\/wp\/v2\/media\/69494"}],"wp:attachment":[{"href":"https:\/\/adhotelskaoprema.com\/en\/wp-json\/wp\/v2\/media?parent=69492"}],"wp:term":[{"taxonomy":"product_brand","embeddable":true,"href":"https:\/\/adhotelskaoprema.com\/en\/wp-json\/wp\/v2\/product_brand?post=69492"},{"taxonomy":"product_cat","embeddable":true,"href":"https:\/\/adhotelskaoprema.com\/en\/wp-json\/wp\/v2\/product_cat?post=69492"},{"taxonomy":"product_tag","embeddable":true,"href":"https:\/\/adhotelskaoprema.com\/en\/wp-json\/wp\/v2\/product_tag?post=69492"}],"curies":[{"name":"wp","href":"https:\/\/api.w.org\/{rel}","templated":true}]}}