{"id":69480,"date":"2025-01-07T16:47:19","date_gmt":"2025-01-07T15:47:19","guid":{"rendered":"https:\/\/adhotelskaoprema.com\/?post_type=product&#038;p=69480"},"modified":"2025-03-10T15:55:11","modified_gmt":"2025-03-10T14:55:11","slug":"pladanj-charme","status":"publish","type":"product","link":"https:\/\/adhotelskaoprema.com\/en\/proizvod\/pladanj-charme\/","title":{"rendered":"Pladanj Charme"},"content":{"rendered":"<section class=\"product__argu\">\n<h2 class=\"product__argu__title\">Proizvod<\/h2>\n<ul class=\"product__argu__list\">\n<li>Bezvremenski dizajn s izgledom ko\u017ee<\/li>\n<li>Lako se \u010disti (otporan na vodu)<\/li>\n<li>Visoko otporan (umjetna ko\u017ea)<\/li>\n<\/ul>\n<\/section>\n<section>\n<h2 class=\"product__section-title js_accordion_toggle is-open\">Tehni\u010dki podaci<\/h2>\n<div class=\"js_accordion_content\">\n<ul class=\"product__features\">\n<li>Materijal: umjetna ko\u017ea<\/li>\n<li>Boja: Crna<\/li>\n<li>Otporan na vodu: Da<\/li>\n<li>Visina (mm) : 35<\/li>\n<li>\u0160irina (mm) : 400<\/li>\n<li>\u00a0Dubina (mm) : 290<\/li>\n<\/ul>\n<p>&nbsp;<\/p>\n<p>&nbsp;<\/p>\n<p>Rok isporuke po narud\u017ebi 20 dana.<\/p>\n<p>Rok isporuke lager 2 dana.<\/p>\n<\/div>\n<\/section>\n","protected":false},"excerpt":{"rendered":"<p>Proizvod Bezvremenski dizajn s izgledom ko\u017ee Lako se \u010disti (otporan na vodu) Visoko otporan (umjetna ko\u017ea) Tehni\u010dki podaci Materijal: umjetna ko\u017ea Boja: Crna Otporan na vodu: Da Visina (mm) : 35 \u0160irina (mm) : 400 \u00a0Dubina (mm) : 290 &nbsp; &nbsp; Rok isporuke po narud\u017ebi 20 dana. Rok isporuke lager 2 dana.<\/p>\n","protected":false},"featured_media":69481,"template":"","meta":{"_acf_changed":false},"product_brand":[],"product_cat":[341,316],"product_tag":[],"class_list":{"0":"post-69480","1":"product","2":"type-product","3":"status-publish","4":"has-post-thumbnail","6":"product_cat-kolekcija-charme","7":"product_cat-kozni","9":"first","10":"onbackorder","11":"sale","12":"taxable","13":"shipping-taxable","14":"purchasable","15":"product-type-simple"},"acf":[],"_links":{"self":[{"href":"https:\/\/adhotelskaoprema.com\/en\/wp-json\/wp\/v2\/product\/69480","targetHints":{"allow":["GET"]}}],"collection":[{"href":"https:\/\/adhotelskaoprema.com\/en\/wp-json\/wp\/v2\/product"}],"about":[{"href":"https:\/\/adhotelskaoprema.com\/en\/wp-json\/wp\/v2\/types\/product"}],"wp:featuredmedia":[{"embeddable":true,"href":"https:\/\/adhotelskaoprema.com\/en\/wp-json\/wp\/v2\/media\/69481"}],"wp:attachment":[{"href":"https:\/\/adhotelskaoprema.com\/en\/wp-json\/wp\/v2\/media?parent=69480"}],"wp:term":[{"taxonomy":"product_brand","embeddable":true,"href":"https:\/\/adhotelskaoprema.com\/en\/wp-json\/wp\/v2\/product_brand?post=69480"},{"taxonomy":"product_cat","embeddable":true,"href":"https:\/\/adhotelskaoprema.com\/en\/wp-json\/wp\/v2\/product_cat?post=69480"},{"taxonomy":"product_tag","embeddable":true,"href":"https:\/\/adhotelskaoprema.com\/en\/wp-json\/wp\/v2\/product_tag?post=69480"}],"curies":[{"name":"wp","href":"https:\/\/api.w.org\/{rel}","templated":true}]}}