{"id":69476,"date":"2025-01-07T16:11:25","date_gmt":"2025-01-07T15:11:25","guid":{"rendered":"https:\/\/adhotelskaoprema.com\/?post_type=product&#038;p=69476"},"modified":"2025-01-13T11:16:06","modified_gmt":"2025-01-13T10:16:06","slug":"pladanj-maestro-crni-s-rupom","status":"publish","type":"product","link":"https:\/\/adhotelskaoprema.com\/en\/proizvod\/pladanj-maestro-crni-s-rupom\/","title":{"rendered":"Pladanj Maestro crni s rupom"},"content":{"rendered":"<section class=\"product__argu\">\n<h2 class=\"product__argu__title\">Proizvod<\/h2>\n<ul class=\"product__argu__list\">\n<li>Kompaktne, optimizirane dimenzije<\/li>\n<li>Integrirani dr\u017ea\u010d za vre\u0107ice<\/li>\n<li>Otporan na gorenje<\/li>\n<li>Zavr\u0161na obrada protiv mrlja<\/li>\n<li>Mogu\u0107nost ugradnje postolja JVD kotli\u0107a<\/li>\n<\/ul>\n<\/section>\n<section>\n<h2 class=\"product__section-title js_accordion_toggle is-open\">Tehni\u010dki podaci<\/h2>\n<div class=\"js_accordion_content\">\n<ul class=\"product__features\">\n<li>Materijal: Melamin<\/li>\n<li>Boja: Crna<\/li>\n<li>Otporan na vodu: Da<\/li>\n<li>Visina (mm) : 27<\/li>\n<li>\u0160irina (mm) : 397<\/li>\n<li>Dubina (mm) : 200<\/li>\n<\/ul>\n<p>&nbsp;<\/p>\n<p>&nbsp;<\/p>\n<p>&nbsp;<\/p>\n<p>Rok isporuke po narud\u017ebi 20 dana.<\/p>\n<p>Rok isporuke lager 2 dana.<\/p>\n<\/div>\n<\/section>\n","protected":false},"excerpt":{"rendered":"<p>Proizvod Kompaktne, optimizirane dimenzije Integrirani dr\u017ea\u010d za vre\u0107ice Otporan na gorenje Zavr\u0161na obrada protiv mrlja Mogu\u0107nost ugradnje postolja JVD kotli\u0107a Tehni\u010dki podaci Materijal: Melamin Boja: Crna Otporan na vodu: Da Visina (mm) : 27 \u0160irina (mm) : 397 Dubina (mm) : 200 &nbsp; &nbsp; &nbsp; Rok isporuke po narud\u017ebi 20 dana. Rok isporuke lager 2 [&hellip;]<\/p>\n","protected":false},"featured_media":69477,"template":"","meta":{"_acf_changed":false},"product_brand":[],"product_cat":[317],"product_tag":[],"class_list":{"0":"post-69476","1":"product","2":"type-product","3":"status-publish","4":"has-post-thumbnail","6":"product_cat-pladnjevi-od-melanina","8":"first","9":"onbackorder","10":"sale","11":"taxable","12":"shipping-taxable","13":"purchasable","14":"product-type-simple"},"acf":[],"_links":{"self":[{"href":"https:\/\/adhotelskaoprema.com\/en\/wp-json\/wp\/v2\/product\/69476","targetHints":{"allow":["GET"]}}],"collection":[{"href":"https:\/\/adhotelskaoprema.com\/en\/wp-json\/wp\/v2\/product"}],"about":[{"href":"https:\/\/adhotelskaoprema.com\/en\/wp-json\/wp\/v2\/types\/product"}],"wp:featuredmedia":[{"embeddable":true,"href":"https:\/\/adhotelskaoprema.com\/en\/wp-json\/wp\/v2\/media\/69477"}],"wp:attachment":[{"href":"https:\/\/adhotelskaoprema.com\/en\/wp-json\/wp\/v2\/media?parent=69476"}],"wp:term":[{"taxonomy":"product_brand","embeddable":true,"href":"https:\/\/adhotelskaoprema.com\/en\/wp-json\/wp\/v2\/product_brand?post=69476"},{"taxonomy":"product_cat","embeddable":true,"href":"https:\/\/adhotelskaoprema.com\/en\/wp-json\/wp\/v2\/product_cat?post=69476"},{"taxonomy":"product_tag","embeddable":true,"href":"https:\/\/adhotelskaoprema.com\/en\/wp-json\/wp\/v2\/product_tag?post=69476"}],"curies":[{"name":"wp","href":"https:\/\/api.w.org\/{rel}","templated":true}]}}