{"id":69456,"date":"2025-01-07T14:59:45","date_gmt":"2025-01-07T13:59:45","guid":{"rendered":"https:\/\/adhotelskaoprema.com\/?post_type=product&#038;p=69456"},"modified":"2025-01-13T11:23:32","modified_gmt":"2025-01-13T10:23:32","slug":"pladanj-maestro-bijeli","status":"publish","type":"product","link":"https:\/\/adhotelskaoprema.com\/en\/proizvod\/pladanj-maestro-bijeli\/","title":{"rendered":"Pladanj Maestro Bijeli"},"content":{"rendered":"<section class=\"product__argu\">\n<h2 class=\"product__argu__title\">Proizvod<\/h2>\n<ul class=\"product__argu__list\">\n<li>Kompaktne, optimizirane dimenzije<\/li>\n<li>Integrirani dr\u017ea\u010d za vre\u0107ice<\/li>\n<li>Otporan na gorenje<\/li>\n<li>Zavr\u0161na obrada protiv mrlja<\/li>\n<\/ul>\n<\/section>\n<section>\n<h2 class=\"product__section-title js_accordion_toggle is-open\">Tehni\u010dki podaci<\/h2>\n<div class=\"js_accordion_content\">\n<ul class=\"product__features\">\n<li>Materijal: Melanin<\/li>\n<li>Boja: Bijela<\/li>\n<li>Otporan na vodu: Da<\/li>\n<li>Visina (mm) : 27<\/li>\n<li>\u0160irina (mm) : 397<\/li>\n<li>Dubina (mm) : 200<\/li>\n<\/ul>\n<p>&nbsp;<\/p>\n<p>&nbsp;<\/p>\n<p>Rok isporuke po narud\u017ebi 20 dana.<\/p>\n<p>Rok isporuke lager 2 dana.<\/p>\n<\/div>\n<\/section>\n","protected":false},"excerpt":{"rendered":"<p>Proizvod Kompaktne, optimizirane dimenzije Integrirani dr\u017ea\u010d za vre\u0107ice Otporan na gorenje Zavr\u0161na obrada protiv mrlja Tehni\u010dki podaci Materijal: Melanin Boja: Bijela Otporan na vodu: Da Visina (mm) : 27 \u0160irina (mm) : 397 Dubina (mm) : 200 &nbsp; &nbsp; Rok isporuke po narud\u017ebi 20 dana. Rok isporuke lager 2 dana.<\/p>\n","protected":false},"featured_media":69457,"template":"","meta":{"_acf_changed":false},"product_brand":[],"product_cat":[317],"product_tag":[],"class_list":{"0":"post-69456","1":"product","2":"type-product","3":"status-publish","4":"has-post-thumbnail","6":"product_cat-pladnjevi-od-melanina","8":"first","9":"onbackorder","10":"sale","11":"taxable","12":"shipping-taxable","13":"purchasable","14":"product-type-simple"},"acf":[],"_links":{"self":[{"href":"https:\/\/adhotelskaoprema.com\/en\/wp-json\/wp\/v2\/product\/69456","targetHints":{"allow":["GET"]}}],"collection":[{"href":"https:\/\/adhotelskaoprema.com\/en\/wp-json\/wp\/v2\/product"}],"about":[{"href":"https:\/\/adhotelskaoprema.com\/en\/wp-json\/wp\/v2\/types\/product"}],"wp:featuredmedia":[{"embeddable":true,"href":"https:\/\/adhotelskaoprema.com\/en\/wp-json\/wp\/v2\/media\/69457"}],"wp:attachment":[{"href":"https:\/\/adhotelskaoprema.com\/en\/wp-json\/wp\/v2\/media?parent=69456"}],"wp:term":[{"taxonomy":"product_brand","embeddable":true,"href":"https:\/\/adhotelskaoprema.com\/en\/wp-json\/wp\/v2\/product_brand?post=69456"},{"taxonomy":"product_cat","embeddable":true,"href":"https:\/\/adhotelskaoprema.com\/en\/wp-json\/wp\/v2\/product_cat?post=69456"},{"taxonomy":"product_tag","embeddable":true,"href":"https:\/\/adhotelskaoprema.com\/en\/wp-json\/wp\/v2\/product_tag?post=69456"}],"curies":[{"name":"wp","href":"https:\/\/api.w.org\/{rel}","templated":true}]}}