{"id":69408,"date":"2025-01-07T13:40:32","date_gmt":"2025-01-07T12:40:32","guid":{"rendered":"https:\/\/adhotelskaoprema.com\/?post_type=product&#038;p=69408"},"modified":"2025-01-13T11:29:05","modified_gmt":"2025-01-13T10:29:05","slug":"kuhalo-za-vodu-duchesse-svijetli-nehrdajuci-celik","status":"publish","type":"product","link":"https:\/\/adhotelskaoprema.com\/en\/proizvod\/kuhalo-za-vodu-duchesse-svijetli-nehrdajuci-celik\/","title":{"rendered":"Kuhalo za vodu Duchesse svijetli nehr\u0111aju\u0107i \u010delik"},"content":{"rendered":"<section class=\"product__argu\">\n<h2 class=\"product__argu__title\">Proizvod<\/h2>\n<ul class=\"product__argu__list\">\n<li>Nehr\u0111aju\u0107i \u010delik<\/li>\n<li>Sigurno: SwitchSafe\u00a9 ru\u010dka<\/li>\n<\/ul>\n<\/section>\n<section>\n<h2 class=\"product__section-title js_accordion_toggle is-open\">Tehni\u010dki podaci<\/h2>\n<div class=\"js_accordion_content\">\n<ul class=\"product__features\">\n<li>Materijal: nehr\u0111aju\u0107i \u010delik<\/li>\n<li>Boja: Svijetli nehr\u0111aju\u0107i \u010delik<\/li>\n<li>Volumen (L): 0,8000<\/li>\n<li>Jamstvo (u godinama): 2<\/li>\n<li>Duljina kabela (mm): 700<\/li>\n<li>Nazivna snaga (W): 1250<\/li>\n<li>Napon: 220-240V<\/li>\n<li>Frekvencija (Hz): 50-60<\/li>\n<li>Klasa za\u0161tite: Klasa I<\/li>\n<li>Filter: Filter protiv kamenca<\/li>\n<li>SafeTouch ru\u010dka: Da<\/li>\n<li>Visina (mm) : 194<\/li>\n<li>\u0160irina (mm) : 208<\/li>\n<li>\u00a0Dubina (mm) : 127<\/li>\n<li>Promjer (mm) : 127<\/li>\n<\/ul>\n<p>&nbsp;<\/p>\n<p>&nbsp;<\/p>\n<p>Rok isporuke po narud\u017ebi 20 dana.<\/p>\n<p>Rok isporuke lager 2 dana.<\/p>\n<\/div>\n<\/section>\n","protected":false},"excerpt":{"rendered":"<p>Proizvod Nehr\u0111aju\u0107i \u010delik Sigurno: SwitchSafe\u00a9 ru\u010dka Tehni\u010dki podaci Materijal: nehr\u0111aju\u0107i \u010delik Boja: Svijetli nehr\u0111aju\u0107i \u010delik Volumen (L): 0,8000 Jamstvo (u godinama): 2 Duljina kabela (mm): 700 Nazivna snaga (W): 1250 Napon: 220-240V Frekvencija (Hz): 50-60 Klasa za\u0161tite: Klasa I Filter: Filter protiv kamenca SafeTouch ru\u010dka: Da Visina (mm) : 194 \u0160irina (mm) : 208 \u00a0Dubina [&hellip;]<\/p>\n","protected":false},"featured_media":69435,"template":"","meta":{"_acf_changed":false},"product_brand":[],"product_cat":[313],"product_tag":[],"class_list":{"0":"post-69408","1":"product","2":"type-product","3":"status-publish","4":"has-post-thumbnail","6":"product_cat-kuhalo-za-vodu","8":"first","9":"onbackorder","10":"sale","11":"taxable","12":"shipping-taxable","13":"purchasable","14":"product-type-simple"},"acf":[],"_links":{"self":[{"href":"https:\/\/adhotelskaoprema.com\/en\/wp-json\/wp\/v2\/product\/69408","targetHints":{"allow":["GET"]}}],"collection":[{"href":"https:\/\/adhotelskaoprema.com\/en\/wp-json\/wp\/v2\/product"}],"about":[{"href":"https:\/\/adhotelskaoprema.com\/en\/wp-json\/wp\/v2\/types\/product"}],"wp:featuredmedia":[{"embeddable":true,"href":"https:\/\/adhotelskaoprema.com\/en\/wp-json\/wp\/v2\/media\/69435"}],"wp:attachment":[{"href":"https:\/\/adhotelskaoprema.com\/en\/wp-json\/wp\/v2\/media?parent=69408"}],"wp:term":[{"taxonomy":"product_brand","embeddable":true,"href":"https:\/\/adhotelskaoprema.com\/en\/wp-json\/wp\/v2\/product_brand?post=69408"},{"taxonomy":"product_cat","embeddable":true,"href":"https:\/\/adhotelskaoprema.com\/en\/wp-json\/wp\/v2\/product_cat?post=69408"},{"taxonomy":"product_tag","embeddable":true,"href":"https:\/\/adhotelskaoprema.com\/en\/wp-json\/wp\/v2\/product_tag?post=69408"}],"curies":[{"name":"wp","href":"https:\/\/api.w.org\/{rel}","templated":true}]}}