{"id":69407,"date":"2025-01-07T13:40:54","date_gmt":"2025-01-07T12:40:54","guid":{"rendered":"https:\/\/adhotelskaoprema.com\/?post_type=product&#038;p=69407"},"modified":"2025-01-13T11:24:48","modified_gmt":"2025-01-13T10:24:48","slug":"kuhalo-duchesse-s-s-mat","status":"publish","type":"product","link":"https:\/\/adhotelskaoprema.com\/en\/proizvod\/kuhalo-duchesse-s-s-mat\/","title":{"rendered":"Kuhalo Duchesse S\/S Bru\u0161eno"},"content":{"rendered":"<section class=\"product__argu\">\n<h2 class=\"product__argu__title\">Proizvod<\/h2>\n<ul class=\"product__argu__list\">\n<li>Nehr\u0111aju\u0107i \u010delik<\/li>\n<li>Sigurno: SwitchSafe\u00a9 ru\u010dka<\/li>\n<\/ul>\n<\/section>\n<section>\n<h2 class=\"product__section-title js_accordion_toggle is-open\">Tehni\u010dki podaci<\/h2>\n<div class=\"js_accordion_content\">\n<ul class=\"product__features\">\n<li>Materijal: nehr\u0111aju\u0107i \u010delik<\/li>\n<li>Boja:\u00a0 Bru\u0161eni nehr\u0111aju\u0107i \u010delik<\/li>\n<li>Volumen (L): 0,8000<\/li>\n<li>Jamstvo (u godinama): 2<\/li>\n<li>Duljina kabela (mm): 700<\/li>\n<li>Nazivna snaga (W): 1250<\/li>\n<li>Napon: 220-240V<\/li>\n<li>Frekvencija (Hz): 50-60<\/li>\n<li>Klasa za\u0161tite: Klasa I<\/li>\n<li>Filter: Filter protiv kamenca<\/li>\n<li>SafeTouch ru\u010dka: Da<\/li>\n<li>Visina (mm) : 194<\/li>\n<li>\u0160irina (mm) : 208<\/li>\n<li>Dubina (mm) : 127<\/li>\n<li>Promjer (mm) : 127<\/li>\n<\/ul>\n<p>&nbsp;<\/p>\n<p>&nbsp;<\/p>\n<p>Rok isporuke po narud\u017ebi 20 dana.<\/p>\n<p>Rok isporuke lager 2 dana.<\/p>\n<\/div>\n<\/section>\n","protected":false},"excerpt":{"rendered":"<p>Proizvod Nehr\u0111aju\u0107i \u010delik Sigurno: SwitchSafe\u00a9 ru\u010dka Tehni\u010dki podaci Materijal: nehr\u0111aju\u0107i \u010delik Boja:\u00a0 Bru\u0161eni nehr\u0111aju\u0107i \u010delik Volumen (L): 0,8000 Jamstvo (u godinama): 2 Duljina kabela (mm): 700 Nazivna snaga (W): 1250 Napon: 220-240V Frekvencija (Hz): 50-60 Klasa za\u0161tite: Klasa I Filter: Filter protiv kamenca SafeTouch ru\u010dka: Da Visina (mm) : 194 \u0160irina (mm) : 208 Dubina [&hellip;]<\/p>\n","protected":false},"featured_media":69441,"template":"","meta":{"_acf_changed":false},"product_brand":[],"product_cat":[313],"product_tag":[],"class_list":{"0":"post-69407","1":"product","2":"type-product","3":"status-publish","4":"has-post-thumbnail","6":"product_cat-kuhalo-za-vodu","8":"first","9":"onbackorder","10":"sale","11":"taxable","12":"shipping-taxable","13":"purchasable","14":"product-type-simple"},"acf":[],"_links":{"self":[{"href":"https:\/\/adhotelskaoprema.com\/en\/wp-json\/wp\/v2\/product\/69407","targetHints":{"allow":["GET"]}}],"collection":[{"href":"https:\/\/adhotelskaoprema.com\/en\/wp-json\/wp\/v2\/product"}],"about":[{"href":"https:\/\/adhotelskaoprema.com\/en\/wp-json\/wp\/v2\/types\/product"}],"wp:featuredmedia":[{"embeddable":true,"href":"https:\/\/adhotelskaoprema.com\/en\/wp-json\/wp\/v2\/media\/69441"}],"wp:attachment":[{"href":"https:\/\/adhotelskaoprema.com\/en\/wp-json\/wp\/v2\/media?parent=69407"}],"wp:term":[{"taxonomy":"product_brand","embeddable":true,"href":"https:\/\/adhotelskaoprema.com\/en\/wp-json\/wp\/v2\/product_brand?post=69407"},{"taxonomy":"product_cat","embeddable":true,"href":"https:\/\/adhotelskaoprema.com\/en\/wp-json\/wp\/v2\/product_cat?post=69407"},{"taxonomy":"product_tag","embeddable":true,"href":"https:\/\/adhotelskaoprema.com\/en\/wp-json\/wp\/v2\/product_tag?post=69407"}],"curies":[{"name":"wp","href":"https:\/\/api.w.org\/{rel}","templated":true}]}}