{"id":6919,"date":"2024-02-05T10:34:50","date_gmt":"2024-02-05T09:34:50","guid":{"rendered":"https:\/\/adhotelskaoprema.com\/proizvod\/kos-za-smece-od-umjetne-koze-kvadratni-otvoreni-10l\/"},"modified":"2025-01-14T09:53:01","modified_gmt":"2025-01-14T08:53:01","slug":"kos-za-smece-od-umjetne-koze-kvadratni-otvoreni-10l","status":"publish","type":"product","link":"https:\/\/adhotelskaoprema.com\/en\/proizvod\/kos-za-smece-od-umjetne-koze-kvadratni-otvoreni-10l\/","title":{"rendered":"KO\u0160 ZA SME\u0106E OD UMJETNE KO\u017dE &#8211; KVADRATNI OTVORENI &#8211; 10L"},"content":{"rendered":"<p>Opis:<br \/>\nKo\u0161 za sme\u0107e od umjetne ko\u017ee, okrugli i otvoreni sa gumenom bazom kapaciteta 10 litara i unutra\u0161njost od \u010delika. Mat crna verzija \u010dini ovu kantu za sme\u0107e trendi dodatkom za va\u0161 hotel ili pansion. Na taj na\u010din svoj boravak mo\u017eete odr\u017eati urednim i elegantnim.<br \/>\nVisina 29 cm.<br \/>\n\u0160irina 23 cm.<br \/>\nBoja Crna.<br \/>\nMaterijal umjetna ko\u017ea.<br \/>\nSadr\u017eaj 10 litre.<\/p>\n","protected":false},"excerpt":{"rendered":"<p>|<\/p>\n","protected":false},"featured_media":2891,"template":"","meta":{"_acf_changed":false},"product_brand":[],"product_cat":[320],"product_tag":[],"class_list":{"0":"post-6919","1":"product","2":"type-product","3":"status-publish","4":"has-post-thumbnail","6":"product_cat-kosevi-za-sobe","8":"first","9":"instock","10":"taxable","11":"shipping-taxable","12":"purchasable","13":"product-type-simple"},"acf":[],"_links":{"self":[{"href":"https:\/\/adhotelskaoprema.com\/en\/wp-json\/wp\/v2\/product\/6919","targetHints":{"allow":["GET"]}}],"collection":[{"href":"https:\/\/adhotelskaoprema.com\/en\/wp-json\/wp\/v2\/product"}],"about":[{"href":"https:\/\/adhotelskaoprema.com\/en\/wp-json\/wp\/v2\/types\/product"}],"wp:featuredmedia":[{"embeddable":true,"href":"https:\/\/adhotelskaoprema.com\/en\/wp-json\/wp\/v2\/media\/2891"}],"wp:attachment":[{"href":"https:\/\/adhotelskaoprema.com\/en\/wp-json\/wp\/v2\/media?parent=6919"}],"wp:term":[{"taxonomy":"product_brand","embeddable":true,"href":"https:\/\/adhotelskaoprema.com\/en\/wp-json\/wp\/v2\/product_brand?post=6919"},{"taxonomy":"product_cat","embeddable":true,"href":"https:\/\/adhotelskaoprema.com\/en\/wp-json\/wp\/v2\/product_cat?post=6919"},{"taxonomy":"product_tag","embeddable":true,"href":"https:\/\/adhotelskaoprema.com\/en\/wp-json\/wp\/v2\/product_tag?post=6919"}],"curies":[{"name":"wp","href":"https:\/\/api.w.org\/{rel}","templated":true}]}}