{"id":6915,"date":"2024-02-05T10:34:34","date_gmt":"2024-02-05T09:34:34","guid":{"rendered":"https:\/\/adhotelskaoprema.com\/proizvod\/visilica-equinoxe-6-boja-mjeda\/"},"modified":"2024-03-25T12:53:49","modified_gmt":"2024-03-25T11:53:49","slug":"visilica-equinoxe-6-boja-mjeda","status":"publish","type":"product","link":"https:\/\/adhotelskaoprema.com\/en\/proizvod\/visilica-equinoxe-6-boja-mjeda\/","title":{"rendered":"Visilica Equinoxe 6 &#8211; Boja mjeda"},"content":{"rendered":"<p>Opis:<br \/>\nMetalni okvir s zavr\u0161etkom od kroma ili antiknog mesinga. Prozirni difuzori od puhanog stakla. \u017darulja uklju\u010dena u cijenu.<\/p>\n<p>Dimenzije: \u00d8 650 x visina 2250 mm.<\/p>\n<p>Rok isporuke 15 dana.<\/p>\n","protected":false},"excerpt":{"rendered":"<p>|<\/p>\n","protected":false},"featured_media":2880,"template":"","meta":{"_acf_changed":false},"product_brand":[],"product_cat":[161],"product_tag":[],"class_list":{"0":"post-6915","1":"product","2":"type-product","3":"status-publish","4":"has-post-thumbnail","6":"product_cat-unutarnja-rasvjeta-visilice","8":"first","9":"instock","10":"sale","11":"taxable","12":"shipping-taxable","13":"purchasable","14":"product-type-simple"},"acf":[],"_links":{"self":[{"href":"https:\/\/adhotelskaoprema.com\/en\/wp-json\/wp\/v2\/product\/6915","targetHints":{"allow":["GET"]}}],"collection":[{"href":"https:\/\/adhotelskaoprema.com\/en\/wp-json\/wp\/v2\/product"}],"about":[{"href":"https:\/\/adhotelskaoprema.com\/en\/wp-json\/wp\/v2\/types\/product"}],"wp:featuredmedia":[{"embeddable":true,"href":"https:\/\/adhotelskaoprema.com\/en\/wp-json\/wp\/v2\/media\/2880"}],"wp:attachment":[{"href":"https:\/\/adhotelskaoprema.com\/en\/wp-json\/wp\/v2\/media?parent=6915"}],"wp:term":[{"taxonomy":"product_brand","embeddable":true,"href":"https:\/\/adhotelskaoprema.com\/en\/wp-json\/wp\/v2\/product_brand?post=6915"},{"taxonomy":"product_cat","embeddable":true,"href":"https:\/\/adhotelskaoprema.com\/en\/wp-json\/wp\/v2\/product_cat?post=6915"},{"taxonomy":"product_tag","embeddable":true,"href":"https:\/\/adhotelskaoprema.com\/en\/wp-json\/wp\/v2\/product_tag?post=6915"}],"curies":[{"name":"wp","href":"https:\/\/api.w.org\/{rel}","templated":true}]}}