{"id":6869,"date":"2024-02-05T10:34:06","date_gmt":"2024-02-05T09:34:06","guid":{"rendered":"https:\/\/adhotelskaoprema.com\/proizvod\/visilica-dynamite-4-bijele-boje\/"},"modified":"2024-03-25T12:54:01","modified_gmt":"2024-03-25T11:54:01","slug":"visilica-dynamite-4-bijele-boje","status":"publish","type":"product","link":"https:\/\/adhotelskaoprema.com\/en\/proizvod\/visilica-dynamite-4-bijele-boje\/","title":{"rendered":"Visilica Dynamite 4 &#8211; Bijele boje"},"content":{"rendered":"<p>Opis:<br \/>\nMetalni okvir zavr\u0161en pra\u0161kastom bojom, presvu\u010den i \u010detkan. Podesivi difuzori. Elektri\u010dni kabel od tkanine. Ovjesi s uklju\u010denim kompletom za stropnu ugradnju. \u017darulja uklju\u010dena u cijenu.<\/p>\n<p>Dimenzije: duljina 760 x visina min 355 \/ max 2105 x dubina 55 mm.<\/p>\n<p>Rok isporuke 15 dana.<\/p>\n","protected":false},"excerpt":{"rendered":"<p>||<\/p>\n","protected":false},"featured_media":2776,"template":"","meta":{"_acf_changed":false},"product_brand":[],"product_cat":[161],"product_tag":[],"class_list":{"0":"post-6869","1":"product","2":"type-product","3":"status-publish","4":"has-post-thumbnail","6":"product_cat-unutarnja-rasvjeta-visilice","8":"first","9":"instock","10":"sale","11":"taxable","12":"shipping-taxable","13":"purchasable","14":"product-type-simple"},"acf":[],"_links":{"self":[{"href":"https:\/\/adhotelskaoprema.com\/en\/wp-json\/wp\/v2\/product\/6869","targetHints":{"allow":["GET"]}}],"collection":[{"href":"https:\/\/adhotelskaoprema.com\/en\/wp-json\/wp\/v2\/product"}],"about":[{"href":"https:\/\/adhotelskaoprema.com\/en\/wp-json\/wp\/v2\/types\/product"}],"wp:featuredmedia":[{"embeddable":true,"href":"https:\/\/adhotelskaoprema.com\/en\/wp-json\/wp\/v2\/media\/2776"}],"wp:attachment":[{"href":"https:\/\/adhotelskaoprema.com\/en\/wp-json\/wp\/v2\/media?parent=6869"}],"wp:term":[{"taxonomy":"product_brand","embeddable":true,"href":"https:\/\/adhotelskaoprema.com\/en\/wp-json\/wp\/v2\/product_brand?post=6869"},{"taxonomy":"product_cat","embeddable":true,"href":"https:\/\/adhotelskaoprema.com\/en\/wp-json\/wp\/v2\/product_cat?post=6869"},{"taxonomy":"product_tag","embeddable":true,"href":"https:\/\/adhotelskaoprema.com\/en\/wp-json\/wp\/v2\/product_tag?post=6869"}],"curies":[{"name":"wp","href":"https:\/\/api.w.org\/{rel}","templated":true}]}}