{"id":6805,"date":"2024-02-05T10:33:20","date_gmt":"2024-02-05T09:33:20","guid":{"rendered":"https:\/\/adhotelskaoprema.com\/proizvod\/visilica-ampolla3-bijele-boje\/"},"modified":"2024-03-25T12:54:20","modified_gmt":"2024-03-25T11:54:20","slug":"visilica-ampolla3-bijele-boje","status":"publish","type":"product","link":"https:\/\/adhotelskaoprema.com\/en\/proizvod\/visilica-ampolla3-bijele-boje\/","title":{"rendered":"Visilica Ampolla3 &#8211; Bijele boje"},"content":{"rendered":"<p>Opis:<br \/>\nDr\u017ea\u010d svjetiljke u obliku rozete i ukrasna struktura od metala s crno-bijelom zavr\u0161nom obradom. Elektri\u010dni kabel podesive duljine. \u017darulja uklju\u010dena u cijenu.<\/p>\n<p>Dimenzije: \u00d8 300 x visina min 670 \/ max 1200 mm.<\/p>\n<p>Rok isporuke 15 dana.<\/p>\n","protected":false},"excerpt":{"rendered":"<p>|<\/p>\n","protected":false},"featured_media":2639,"template":"","meta":{"_acf_changed":false},"product_brand":[],"product_cat":[161],"product_tag":[],"class_list":{"0":"post-6805","1":"product","2":"type-product","3":"status-publish","4":"has-post-thumbnail","6":"product_cat-unutarnja-rasvjeta-visilice","8":"first","9":"instock","10":"sale","11":"taxable","12":"shipping-taxable","13":"purchasable","14":"product-type-simple"},"acf":[],"_links":{"self":[{"href":"https:\/\/adhotelskaoprema.com\/en\/wp-json\/wp\/v2\/product\/6805","targetHints":{"allow":["GET"]}}],"collection":[{"href":"https:\/\/adhotelskaoprema.com\/en\/wp-json\/wp\/v2\/product"}],"about":[{"href":"https:\/\/adhotelskaoprema.com\/en\/wp-json\/wp\/v2\/types\/product"}],"wp:featuredmedia":[{"embeddable":true,"href":"https:\/\/adhotelskaoprema.com\/en\/wp-json\/wp\/v2\/media\/2639"}],"wp:attachment":[{"href":"https:\/\/adhotelskaoprema.com\/en\/wp-json\/wp\/v2\/media?parent=6805"}],"wp:term":[{"taxonomy":"product_brand","embeddable":true,"href":"https:\/\/adhotelskaoprema.com\/en\/wp-json\/wp\/v2\/product_brand?post=6805"},{"taxonomy":"product_cat","embeddable":true,"href":"https:\/\/adhotelskaoprema.com\/en\/wp-json\/wp\/v2\/product_cat?post=6805"},{"taxonomy":"product_tag","embeddable":true,"href":"https:\/\/adhotelskaoprema.com\/en\/wp-json\/wp\/v2\/product_tag?post=6805"}],"curies":[{"name":"wp","href":"https:\/\/api.w.org\/{rel}","templated":true}]}}