{"id":6787,"date":"2024-02-05T10:33:01","date_gmt":"2024-02-05T09:33:01","guid":{"rendered":"https:\/\/adhotelskaoprema.com\/proizvod\/visilica-look-sp1-srebrne-boje\/"},"modified":"2024-03-25T12:54:24","modified_gmt":"2024-03-25T11:54:24","slug":"visilica-look-sp1-srebrne-boje","status":"publish","type":"product","link":"https:\/\/adhotelskaoprema.com\/en\/proizvod\/visilica-look-sp1-srebrne-boje\/","title":{"rendered":"Visilica Look sp1 &#8211; Srebrne boje"},"content":{"rendered":"<p>Opis:<br \/>\nMetalna lampa i difuzor s razli\u010ditim zavr\u0161nim obradama. Kabel od tkanine podesive duljine. Opremljen je zamjenjivim \u017earuljama. Model s gradijentnom kromiranom zavr\u0161nom obradom sa staklenim difuzorom. \u017darulja uklju\u010dena u cijenu.<\/p>\n<p>Dimenzije: \u00d8 60 x Visina min 650 \/ max 2400 mm.<\/p>\n<p>Rok isporuke: 15 dana.<\/p>\n","protected":false},"excerpt":{"rendered":"<p>||||||||||||<\/p>\n","protected":false},"featured_media":2585,"template":"","meta":{"_acf_changed":false},"product_brand":[],"product_cat":[161],"product_tag":[],"class_list":{"0":"post-6787","1":"product","2":"type-product","3":"status-publish","4":"has-post-thumbnail","6":"product_cat-unutarnja-rasvjeta-visilice","8":"first","9":"instock","10":"sale","11":"taxable","12":"shipping-taxable","13":"purchasable","14":"product-type-simple"},"acf":[],"_links":{"self":[{"href":"https:\/\/adhotelskaoprema.com\/en\/wp-json\/wp\/v2\/product\/6787","targetHints":{"allow":["GET"]}}],"collection":[{"href":"https:\/\/adhotelskaoprema.com\/en\/wp-json\/wp\/v2\/product"}],"about":[{"href":"https:\/\/adhotelskaoprema.com\/en\/wp-json\/wp\/v2\/types\/product"}],"wp:featuredmedia":[{"embeddable":true,"href":"https:\/\/adhotelskaoprema.com\/en\/wp-json\/wp\/v2\/media\/2585"}],"wp:attachment":[{"href":"https:\/\/adhotelskaoprema.com\/en\/wp-json\/wp\/v2\/media?parent=6787"}],"wp:term":[{"taxonomy":"product_brand","embeddable":true,"href":"https:\/\/adhotelskaoprema.com\/en\/wp-json\/wp\/v2\/product_brand?post=6787"},{"taxonomy":"product_cat","embeddable":true,"href":"https:\/\/adhotelskaoprema.com\/en\/wp-json\/wp\/v2\/product_cat?post=6787"},{"taxonomy":"product_tag","embeddable":true,"href":"https:\/\/adhotelskaoprema.com\/en\/wp-json\/wp\/v2\/product_tag?post=6787"}],"curies":[{"name":"wp","href":"https:\/\/api.w.org\/{rel}","templated":true}]}}